{"id":1039,"date":"2022-07-07T16:19:22","date_gmt":"2022-07-07T16:19:22","guid":{"rendered":"https:\/\/angitex.com\/?page_id=1039"},"modified":"2022-11-02T10:17:51","modified_gmt":"2022-11-02T10:17:51","slug":"fabrics","status":"publish","type":"page","link":"https:\/\/angitex.com\/fr\/fabrics\/","title":{"rendered":"Tissus"},"content":{"rendered":"<div data-elementor-type=\"wp-page\" data-elementor-id=\"1039\" class=\"elementor elementor-1039\" data-elementor-post-type=\"page\">\n\t\t\t\t\t\t<section class=\"elementor-section elementor-top-section elementor-element elementor-element-afae793 elementor-section-height-min-height elementor-section-boxed elementor-section-height-default elementor-section-items-middle\" data-id=\"afae793\" data-element_type=\"section\" data-settings=\"{&quot;background_background&quot;:&quot;classic&quot;,&quot;shape_divider_bottom&quot;:&quot;opacity-fan&quot;}\">\n\t\t\t\t\t\t\t<div class=\"elementor-background-overlay\"><\/div>\n\t\t\t\t\t\t<div class=\"elementor-shape elementor-shape-bottom\" data-negative=\"false\">\n\t\t\t<svg xmlns=\"http:\/\/www.w3.org\/2000\/svg\" viewbox=\"0 0 283.5 19.6\" preserveaspectratio=\"none\">\n\t<path class=\"elementor-shape-fill\" style=\"opacity:0.33\" d=\"M0 0L0 18.8 141.8 4.1 283.5 18.8 283.5 0z\"\/>\n\t<path class=\"elementor-shape-fill\" style=\"opacity:0.33\" d=\"M0 0L0 12.6 141.8 4 283.5 12.6 283.5 0z\"\/>\n\t<path class=\"elementor-shape-fill\" style=\"opacity:0.33\" d=\"M0 0L0 6.4 141.8 4 283.5 6.4 283.5 0z\"\/>\n\t<path class=\"elementor-shape-fill\" d=\"M0 0L0 1.2 141.8 4 283.5 1.2 283.5 0z\"\/>\n<\/svg>\t\t<\/div>\n\t\t\t\t\t<div class=\"elementor-container elementor-column-gap-default\">\n\t\t\t\t\t<div class=\"elementor-column elementor-col-100 elementor-top-column elementor-element elementor-element-baab683\" data-id=\"baab683\" data-element_type=\"column\">\n\t\t\t<div class=\"elementor-widget-wrap elementor-element-populated\">\n\t\t\t\t\t\t<div class=\"elementor-element elementor-element-95fdce5 elementor-widget elementor-widget-heading\" data-id=\"95fdce5\" data-element_type=\"widget\" data-widget_type=\"heading.default\">\n\t\t\t\t<div class=\"elementor-widget-container\">\n\t\t\t<style>\/*! elementor - v3.19.0 - 28-02-2024 *\/\n.elementor-heading-title{padding:0;margin:0;line-height:1}.elementor-widget-heading .elementor-heading-title[class*=elementor-size-]>a{color:inherit;font-size:inherit;line-height:inherit}.elementor-widget-heading .elementor-heading-title.elementor-size-small{font-size:15px}.elementor-widget-heading .elementor-heading-title.elementor-size-medium{font-size:19px}.elementor-widget-heading .elementor-heading-title.elementor-size-large{font-size:29px}.elementor-widget-heading .elementor-heading-title.elementor-size-xl{font-size:39px}.elementor-widget-heading .elementor-heading-title.elementor-size-xxl{font-size:59px}<\/style><h2 class=\"elementor-heading-title elementor-size-default\">Tissus<\/h2>\t\t<\/div>\n\t\t\t\t<\/div>\n\t\t\t\t<div class=\"elementor-element elementor-element-9acd5f4 elementor-widget elementor-widget-text-editor\" data-id=\"9acd5f4\" data-element_type=\"widget\" data-widget_type=\"text-editor.default\">\n\t\t\t\t<div class=\"elementor-widget-container\">\n\t\t\t<style>\/*! elementor - v3.19.0 - 28-02-2024 *\/\n.elementor-widget-text-editor.elementor-drop-cap-view-stacked .elementor-drop-cap{background-color:#69727d;color:#fff}.elementor-widget-text-editor.elementor-drop-cap-view-framed .elementor-drop-cap{color:#69727d;border:3px solid;background-color:transparent}.elementor-widget-text-editor:not(.elementor-drop-cap-view-default) .elementor-drop-cap{margin-top:8px}.elementor-widget-text-editor:not(.elementor-drop-cap-view-default) .elementor-drop-cap-letter{width:1em;height:1em}.elementor-widget-text-editor .elementor-drop-cap{float:left;text-align:center;line-height:1;font-size:50px}.elementor-widget-text-editor .elementor-drop-cap-letter{display:inline-block}<\/style>\t\t\t\t<p>We have available in our portfolio different types of fabrics adequate for different products<\/p>\t\t\t\t\t\t<\/div>\n\t\t\t\t<\/div>\n\t\t\t\t\t<\/div>\n\t\t<\/div>\n\t\t\t\t\t<\/div>\n\t\t<\/section>\n\t\t\t\t<section class=\"elementor-section elementor-top-section elementor-element elementor-element-8d3867f elementor-section-boxed elementor-section-height-default elementor-section-height-default\" data-id=\"8d3867f\" data-element_type=\"section\">\n\t\t\t\t\t\t<div class=\"elementor-container elementor-column-gap-default\">\n\t\t\t\t\t<div class=\"elementor-column elementor-col-100 elementor-top-column elementor-element elementor-element-f523909\" data-id=\"f523909\" data-element_type=\"column\">\n\t\t\t<div class=\"elementor-widget-wrap elementor-element-populated\">\n\t\t\t\t\t\t<div class=\"elementor-element elementor-element-12d4b20 elementor-widget elementor-widget-spacer\" data-id=\"12d4b20\" data-element_type=\"widget\" data-widget_type=\"spacer.default\">\n\t\t\t\t<div class=\"elementor-widget-container\">\n\t\t\t<style>\/*! elementor - v3.19.0 - 28-02-2024 *\/\n.elementor-column .elementor-spacer-inner{height:var(--spacer-size)}.e-con{--container-widget-width:100%}.e-con-inner>.elementor-widget-spacer,.e-con>.elementor-widget-spacer{width:var(--container-widget-width,var(--spacer-size));--align-self:var(--container-widget-align-self,initial);--flex-shrink:0}.e-con-inner>.elementor-widget-spacer>.elementor-widget-container,.e-con>.elementor-widget-spacer>.elementor-widget-container{height:100%;width:100%}.e-con-inner>.elementor-widget-spacer>.elementor-widget-container>.elementor-spacer,.e-con>.elementor-widget-spacer>.elementor-widget-container>.elementor-spacer{height:100%}.e-con-inner>.elementor-widget-spacer>.elementor-widget-container>.elementor-spacer>.elementor-spacer-inner,.e-con>.elementor-widget-spacer>.elementor-widget-container>.elementor-spacer>.elementor-spacer-inner{height:var(--container-widget-height,var(--spacer-size))}.e-con-inner>.elementor-widget-spacer.elementor-widget-empty,.e-con>.elementor-widget-spacer.elementor-widget-empty{position:relative;min-height:22px;min-width:22px}.e-con-inner>.elementor-widget-spacer.elementor-widget-empty .elementor-widget-empty-icon,.e-con>.elementor-widget-spacer.elementor-widget-empty .elementor-widget-empty-icon{position:absolute;top:0;bottom:0;left:0;right:0;margin:auto;padding:0;width:22px;height:22px}<\/style>\t\t<div class=\"elementor-spacer\">\n\t\t\t<div class=\"elementor-spacer-inner\"><\/div>\n\t\t<\/div>\n\t\t\t\t<\/div>\n\t\t\t\t<\/div>\n\t\t\t\t<div class=\"elementor-element elementor-element-257b105 elementor-grid-4 elementor-grid-tablet-3 elementor-grid-mobile-2 elementor-products-grid elementor-wc-products elementor-widget elementor-widget-wc-categories\" data-id=\"257b105\" data-element_type=\"widget\" data-widget_type=\"wc-categories.default\">\n\t\t\t\t<div class=\"elementor-widget-container\">\n\t\t\t<link rel=\"stylesheet\" href=\"https:\/\/angitex.com\/wp-content\/plugins\/elementor-pro\/assets\/css\/widget-woocommerce.min.css\"><div class=\"woocommerce columns-4\"><ul class=\"products elementor-grid columns-4\">\n<li class=\"product-category product first\">\n\t<a aria-label=\"Acc\u00e9der \u00e0 la cat\u00e9gorie de produits T-Shirts\" href=\"https:\/\/angitex.com\/fr\/product-category\/t-shirts\/\" data-no-translation-aria-label=\"\"><img decoding=\"async\" src=\"https:\/\/angitex.com\/wp-content\/uploads\/2022\/10\/t.jpg\" alt=\"T-Shirts\" width=\"400\" height=\"\" srcset=\"https:\/\/angitex.com\/wp-content\/uploads\/2022\/10\/t.jpg 400w, https:\/\/angitex.com\/wp-content\/uploads\/2022\/10\/t-300x300.jpg 300w, https:\/\/angitex.com\/wp-content\/uploads\/2022\/10\/t-150x150.jpg 150w, https:\/\/angitex.com\/wp-content\/uploads\/2022\/10\/t-12x12.jpg 12w, https:\/\/angitex.com\/wp-content\/uploads\/2022\/10\/t-100x100.jpg 100w\" sizes=\"(max-width: 400px) 100vw, 400px\" \/>\t\t<h2 class=\"woocommerce-loop-category__title\">\n\t\t\tTee shirts\t\t<\/h2>\n\t\t<\/a><\/li>\n<li class=\"product-category product\">\n\t<a aria-label=\"Acc\u00e9der \u00e0 la cat\u00e9gorie de produits Sports Shirts\" href=\"https:\/\/angitex.com\/fr\/product-category\/sports-shirts\/\" data-no-translation-aria-label=\"\"><img decoding=\"async\" src=\"https:\/\/angitex.com\/wp-content\/uploads\/2022\/10\/2.jpg\" alt=\"Sports Shirts\" width=\"400\" height=\"\" srcset=\"https:\/\/angitex.com\/wp-content\/uploads\/2022\/10\/2.jpg 400w, https:\/\/angitex.com\/wp-content\/uploads\/2022\/10\/2-300x300.jpg 300w, https:\/\/angitex.com\/wp-content\/uploads\/2022\/10\/2-150x150.jpg 150w, https:\/\/angitex.com\/wp-content\/uploads\/2022\/10\/2-12x12.jpg 12w, https:\/\/angitex.com\/wp-content\/uploads\/2022\/10\/2-100x100.jpg 100w\" sizes=\"(max-width: 400px) 100vw, 400px\" \/>\t\t<h2 class=\"woocommerce-loop-category__title\">\n\t\t\tMaillots de sport<mark class=\"count\">8 Products<\/mark>\t\t<\/h2>\n\t\t<\/a><\/li>\n<li class=\"product-category product\">\n\t<a aria-label=\"Acc\u00e9der \u00e0 la cat\u00e9gorie de produits Scarves\" href=\"https:\/\/angitex.com\/fr\/product-category\/scarves\/\" data-no-translation-aria-label=\"\"><img decoding=\"async\" src=\"https:\/\/angitex.com\/wp-content\/uploads\/2022\/10\/4.jpg\" alt=\"Scarves\" width=\"400\" height=\"\" srcset=\"https:\/\/angitex.com\/wp-content\/uploads\/2022\/10\/4.jpg 400w, https:\/\/angitex.com\/wp-content\/uploads\/2022\/10\/4-300x300.jpg 300w, https:\/\/angitex.com\/wp-content\/uploads\/2022\/10\/4-150x150.jpg 150w, https:\/\/angitex.com\/wp-content\/uploads\/2022\/10\/4-12x12.jpg 12w, https:\/\/angitex.com\/wp-content\/uploads\/2022\/10\/4-100x100.jpg 100w\" sizes=\"(max-width: 400px) 100vw, 400px\" \/>\t\t<h2 class=\"woocommerce-loop-category__title\">\n\t\t\t\u00c9charpes<mark class=\"count\">1 Product<\/mark>\t\t<\/h2>\n\t\t<\/a><\/li>\n<li class=\"product-category product last\">\n\t<a aria-label=\"Acc\u00e9der \u00e0 la cat\u00e9gorie de produits Flags\" href=\"https:\/\/angitex.com\/fr\/product-category\/flags\/\" data-no-translation-aria-label=\"\"><img decoding=\"async\" src=\"https:\/\/angitex.com\/wp-content\/uploads\/2022\/10\/3.jpg\" alt=\"Flags\" width=\"400\" height=\"\" srcset=\"https:\/\/angitex.com\/wp-content\/uploads\/2022\/10\/3.jpg 400w, https:\/\/angitex.com\/wp-content\/uploads\/2022\/10\/3-300x300.jpg 300w, https:\/\/angitex.com\/wp-content\/uploads\/2022\/10\/3-150x150.jpg 150w, https:\/\/angitex.com\/wp-content\/uploads\/2022\/10\/3-12x12.jpg 12w, https:\/\/angitex.com\/wp-content\/uploads\/2022\/10\/3-100x100.jpg 100w\" sizes=\"(max-width: 400px) 100vw, 400px\" \/>\t\t<h2 class=\"woocommerce-loop-category__title\">\n\t\t\tDrapeaux\t\t<\/h2>\n\t\t<\/a><\/li>\n<\/ul>\n<\/div>\t\t<\/div>\n\t\t\t\t<\/div>\n\t\t\t\t<div class=\"elementor-element elementor-element-fd582f2 elementor-widget elementor-widget-spacer\" data-id=\"fd582f2\" data-element_type=\"widget\" data-widget_type=\"spacer.default\">\n\t\t\t\t<div class=\"elementor-widget-container\">\n\t\t\t\t\t<div class=\"elementor-spacer\">\n\t\t\t<div class=\"elementor-spacer-inner\"><\/div>\n\t\t<\/div>\n\t\t\t\t<\/div>\n\t\t\t\t<\/div>\n\t\t\t\t\t<\/div>\n\t\t<\/div>\n\t\t\t\t\t<\/div>\n\t\t<\/section>\n\t\t\t\t<\/div>","protected":false},"excerpt":{"rendered":"<p>Fabrics We have available in our portfolio different types of fabrics adequate for different products<\/p>","protected":false},"author":1,"featured_media":0,"parent":0,"menu_order":0,"comment_status":"closed","ping_status":"closed","template":"","meta":{"site-sidebar-layout":"no-sidebar","site-content-layout":"page-builder","ast-site-content-layout":"","site-content-style":"default","site-sidebar-style":"default","ast-global-header-display":"","ast-banner-title-visibility":"","ast-main-header-display":"","ast-hfb-above-header-display":"","ast-hfb-below-header-display":"","ast-hfb-mobile-header-display":"","site-post-title":"disabled","ast-breadcrumbs-content":"","ast-featured-img":"disabled","footer-sml-layout":"","theme-transparent-header-meta":"","adv-header-id-meta":"","stick-header-meta":"","header-above-stick-meta":"","header-main-stick-meta":"","header-below-stick-meta":"","astra-migrate-meta-layouts":"default","ast-page-background-enabled":"default","ast-page-background-meta":{"desktop":{"background-color":"var(--ast-global-color-4)","background-image":"","background-repeat":"repeat","background-position":"center center","background-size":"auto","background-attachment":"scroll","background-type":"","background-media":"","overlay-type":"","overlay-color":"","overlay-gradient":""},"tablet":{"background-color":"","background-image":"","background-repeat":"repeat","background-position":"center center","background-size":"auto","background-attachment":"scroll","background-type":"","background-media":"","overlay-type":"","overlay-color":"","overlay-gradient":""},"mobile":{"background-color":"","background-image":"","background-repeat":"repeat","background-position":"center center","background-size":"auto","background-attachment":"scroll","background-type":"","background-media":"","overlay-type":"","overlay-color":"","overlay-gradient":""}},"ast-content-background-meta":{"desktop":{"background-color":"var(--ast-global-color-5)","background-image":"","background-repeat":"repeat","background-position":"center center","background-size":"auto","background-attachment":"scroll","background-type":"","background-media":"","overlay-type":"","overlay-color":"","overlay-gradient":""},"tablet":{"background-color":"var(--ast-global-color-5)","background-image":"","background-repeat":"repeat","background-position":"center center","background-size":"auto","background-attachment":"scroll","background-type":"","background-media":"","overlay-type":"","overlay-color":"","overlay-gradient":""},"mobile":{"background-color":"var(--ast-global-color-5)","background-image":"","background-repeat":"repeat","background-position":"center center","background-size":"auto","background-attachment":"scroll","background-type":"","background-media":"","overlay-type":"","overlay-color":"","overlay-gradient":""}},"footnotes":""},"class_list":["post-1039","page","type-page","status-publish","hentry"],"yoast_head":"<!-- This site is optimized with the Yoast SEO plugin v22.2 - https:\/\/yoast.com\/wordpress\/plugins\/seo\/ -->\r\n<title>Fabrics - Angitex<\/title>\r\n<meta name=\"description\" content=\"The best fabrics suited for t-shirts, sports t-shirts, scarves and flags. Find out a varied range of sublimation fabrics.\" \/>\r\n<meta name=\"robots\" content=\"index, follow, max-snippet:-1, max-image-preview:large, max-video-preview:-1\" \/>\r\n<link rel=\"canonical\" href=\"https:\/\/angitex.com\/fr\/fabrics\/\" \/>\r\n<meta property=\"og:locale\" content=\"fr_FR\" \/>\r\n<meta property=\"og:type\" content=\"article\" \/>\r\n<meta property=\"og:title\" content=\"Fabrics - Angitex\" \/>\r\n<meta property=\"og:description\" content=\"The best fabrics suited for t-shirts, sports t-shirts, scarves and flags. Find out a varied range of sublimation fabrics.\" \/>\r\n<meta property=\"og:url\" content=\"https:\/\/angitex.com\/fr\/fabrics\/\" \/>\r\n<meta property=\"og:site_name\" content=\"Angitex\" \/>\r\n<meta property=\"article:modified_time\" content=\"2022-11-02T10:17:51+00:00\" \/>\r\n<meta name=\"twitter:card\" content=\"summary_large_image\" \/>\r\n<meta name=\"twitter:label1\" content=\"Est. reading time\" \/>\n\t<meta name=\"twitter:data1\" content=\"1 minute\" \/>\r\n<script type=\"application\/ld+json\" class=\"yoast-schema-graph\">{\"@context\":\"https:\/\/schema.org\",\"@graph\":[{\"@type\":\"WebPage\",\"@id\":\"https:\/\/angitex.com\/fabrics\/\",\"url\":\"https:\/\/angitex.com\/fabrics\/\",\"name\":\"Fabrics - Angitex\",\"isPartOf\":{\"@id\":\"https:\/\/angitex.com\/#website\"},\"datePublished\":\"2022-07-07T16:19:22+00:00\",\"dateModified\":\"2022-11-02T10:17:51+00:00\",\"description\":\"The best fabrics suited for t-shirts, sports t-shirts, scarves and flags. Find out a varied range of sublimation fabrics.\",\"inLanguage\":\"fr-FR\",\"potentialAction\":[{\"@type\":\"ReadAction\",\"target\":[\"https:\/\/angitex.com\/fabrics\/\"]}]},{\"@type\":\"WebSite\",\"@id\":\"https:\/\/angitex.com\/#website\",\"url\":\"https:\/\/angitex.com\/\",\"name\":\"Angitex\",\"description\":\"Your partner for large printing products\",\"publisher\":{\"@id\":\"https:\/\/angitex.com\/#organization\"},\"potentialAction\":[{\"@type\":\"SearchAction\",\"target\":{\"@type\":\"EntryPoint\",\"urlTemplate\":\"https:\/\/angitex.com\/?s={search_term_string}\"},\"query-input\":\"required name=search_term_string\"}],\"inLanguage\":\"fr-FR\"},{\"@type\":\"Organization\",\"@id\":\"https:\/\/angitex.com\/#organization\",\"name\":\"Angitex\",\"url\":\"https:\/\/angitex.com\/\",\"logo\":{\"@type\":\"ImageObject\",\"inLanguage\":\"fr-FR\",\"@id\":\"https:\/\/angitex.com\/#\/schema\/logo\/image\/\",\"url\":\"https:\/\/angitex.com\/wp-content\/uploads\/2022\/05\/Angitex-2.png\",\"contentUrl\":\"https:\/\/angitex.com\/wp-content\/uploads\/2022\/05\/Angitex-2.png\",\"width\":1386,\"height\":521,\"caption\":\"Angitex\"},\"image\":{\"@id\":\"https:\/\/angitex.com\/#\/schema\/logo\/image\/\"}}]}<\/script>\r\n<!-- \/ Yoast SEO plugin. -->","yoast_head_json":{"title":"Fabrics - Angitex","description":"The best fabrics suited for t-shirts, sports t-shirts, scarves and flags. Find out a varied range of sublimation fabrics.","robots":{"index":"index","follow":"follow","max-snippet":"max-snippet:-1","max-image-preview":"max-image-preview:large","max-video-preview":"max-video-preview:-1"},"canonical":"https:\/\/angitex.com\/fr\/fabrics\/","og_locale":"fr_FR","og_type":"article","og_title":"Fabrics - Angitex","og_description":"The best fabrics suited for t-shirts, sports t-shirts, scarves and flags. Find out a varied range of sublimation fabrics.","og_url":"https:\/\/angitex.com\/fr\/fabrics\/","og_site_name":"Angitex","article_modified_time":"2022-11-02T10:17:51+00:00","twitter_card":"summary_large_image","twitter_misc":{"Est. reading time":"1 minute"},"schema":{"@context":"https:\/\/schema.org","@graph":[{"@type":"WebPage","@id":"https:\/\/angitex.com\/fabrics\/","url":"https:\/\/angitex.com\/fabrics\/","name":"Fabrics - Angitex","isPartOf":{"@id":"https:\/\/angitex.com\/#website"},"datePublished":"2022-07-07T16:19:22+00:00","dateModified":"2022-11-02T10:17:51+00:00","description":"The best fabrics suited for t-shirts, sports t-shirts, scarves and flags. Find out a varied range of sublimation fabrics.","inLanguage":"fr-FR","potentialAction":[{"@type":"ReadAction","target":["https:\/\/angitex.com\/fabrics\/"]}]},{"@type":"WebSite","@id":"https:\/\/angitex.com\/#website","url":"https:\/\/angitex.com\/","name":"Angitex","description":"Your partner for large printing products","publisher":{"@id":"https:\/\/angitex.com\/#organization"},"potentialAction":[{"@type":"SearchAction","target":{"@type":"EntryPoint","urlTemplate":"https:\/\/angitex.com\/?s={search_term_string}"},"query-input":"required name=search_term_string"}],"inLanguage":"fr-FR"},{"@type":"Organization","@id":"https:\/\/angitex.com\/#organization","name":"Angitex","url":"https:\/\/angitex.com\/","logo":{"@type":"ImageObject","inLanguage":"fr-FR","@id":"https:\/\/angitex.com\/#\/schema\/logo\/image\/","url":"https:\/\/angitex.com\/wp-content\/uploads\/2022\/05\/Angitex-2.png","contentUrl":"https:\/\/angitex.com\/wp-content\/uploads\/2022\/05\/Angitex-2.png","width":1386,"height":521,"caption":"Angitex"},"image":{"@id":"https:\/\/angitex.com\/#\/schema\/logo\/image\/"}}]}},"_links":{"self":[{"href":"https:\/\/angitex.com\/fr\/wp-json\/wp\/v2\/pages\/1039","targetHints":{"allow":["GET"]}}],"collection":[{"href":"https:\/\/angitex.com\/fr\/wp-json\/wp\/v2\/pages"}],"about":[{"href":"https:\/\/angitex.com\/fr\/wp-json\/wp\/v2\/types\/page"}],"author":[{"embeddable":true,"href":"https:\/\/angitex.com\/fr\/wp-json\/wp\/v2\/users\/1"}],"replies":[{"embeddable":true,"href":"https:\/\/angitex.com\/fr\/wp-json\/wp\/v2\/comments?post=1039"}],"version-history":[{"count":26,"href":"https:\/\/angitex.com\/fr\/wp-json\/wp\/v2\/pages\/1039\/revisions"}],"predecessor-version":[{"id":1243,"href":"https:\/\/angitex.com\/fr\/wp-json\/wp\/v2\/pages\/1039\/revisions\/1243"}],"wp:attachment":[{"href":"https:\/\/angitex.com\/fr\/wp-json\/wp\/v2\/media?parent=1039"}],"curies":[{"name":"wp","href":"https:\/\/api.w.org\/{rel}","templated":true}]}}