{"id":176,"date":"2022-05-31T14:19:03","date_gmt":"2022-05-31T14:19:03","guid":{"rendered":"https:\/\/angitex.com\/?page_id=176"},"modified":"2024-07-29T14:42:47","modified_gmt":"2024-07-29T14:42:47","slug":"about-us","status":"publish","type":"page","link":"https:\/\/angitex.com\/fr\/about-us\/","title":{"rendered":"\u00c0 propos de nous"},"content":{"rendered":"<h2>\u00c0 propos de nous<\/h2>\n<h2>Our History<\/h2>\n<p>En 2012,  l\u00b4entreprise Angitex a \u00e9t\u00e9 mont\u00e9e au Canada. Depuis le d\u00e9but, Angitex a cr\u00e9\u00e9 son propre espace dans le march\u00e9 de sublimation en  \u00e9tablissant et maintenant  une forte relation avec une client\u00e8le install\u00e9e dans l\u2019industrie textile.<\/p>\n<p>Nous d\u00e9tenons une profonde connaissance du proc\u00e8s de  sublimation, des films de transfert, de coupeurs laser et d\u00b4autres machines utilis\u00e9es dans l\u00b4industrie textile  et nous cherchons et appliquons  les meilleurs produits et \u00e9quipements pour permettre d\u00b4accro\u00eetre la productivit\u00e9 et l\u00b4efficace de nos clients.<\/p>\n<p>Nous sommes fiers de faire partie du march\u00e9 de sublimation canadien et nous avons encore beaucoup \u00e0 offrir  \u00e0 cette industrie.<\/p>\n<p><img loading=\"lazy\" decoding=\"async\" src=\"https:\/\/angitex.com\/wp-content\/uploads\/2022\/06\/scott-webb-ZA3doKcVbDA-unsplash-scaled-1024x683.jpg\" alt=\"\" srcset=\"https:\/\/angitex.com\/wp-content\/uploads\/2022\/06\/scott-webb-ZA3doKcVbDA-unsplash-scaled-1024x683.jpg 1024w, https:\/\/angitex.com\/wp-content\/uploads\/2022\/06\/scott-webb-ZA3doKcVbDA-unsplash-scaled-400x267.jpg 400w, https:\/\/angitex.com\/wp-content\/uploads\/2022\/06\/scott-webb-ZA3doKcVbDA-unsplash-scaled-600x400.jpg 600w, https:\/\/angitex.com\/wp-content\/uploads\/2022\/06\/scott-webb-ZA3doKcVbDA-unsplash-scaled-300x200.jpg 300w, https:\/\/angitex.com\/wp-content\/uploads\/2022\/06\/scott-webb-ZA3doKcVbDA-unsplash-scaled-768x512.jpg 768w, https:\/\/angitex.com\/wp-content\/uploads\/2022\/06\/scott-webb-ZA3doKcVbDA-unsplash-scaled-1536x1024.jpg 1536w, https:\/\/angitex.com\/wp-content\/uploads\/2022\/06\/scott-webb-ZA3doKcVbDA-unsplash-scaled-2048x1366.jpg 2048w, https:\/\/angitex.com\/wp-content\/uploads\/2022\/06\/scott-webb-ZA3doKcVbDA-unsplash-scaled-18x12.jpg 18w\" sizes=\"auto, (max-width: 1024px) 100vw, 1024px\" width=\"1024\" height=\"683\"><\/p>\n<h2>D\u00e9clarations<\/h2>\n<h2>Mission<\/h2>\n<p>Fournir des solutions d'impression et de sublimation grand format de qualit\u00e9 \u00e0 un prix comp\u00e9titif et avec un excellent service.<\/p>\n<h2>Vision<\/h2>\n<p>\u00catre reconnu comme l'entreprise avec le meilleur rapport qualit\u00e9-prix en sublimation et grandes surfaces d'impression.<\/p>\n<h2>Valeurs<\/h2>\n<ul>\n<li>Qualit\u00e9<\/li>\n<li>Innovation<\/li>\n<li>Int\u00e9grit\u00e9<\/li>\n<li>Fiabilit\u00e9<\/li>\n<\/ul>\n<h2>Repr\u00e9sentations de la marque<\/h2>\n<figure><img decoding=\"async\" src=\"https:\/\/angitex.com\/wp-content\/uploads\/2022\/06\/Flexa_logo.png\" alt=\"Flexa_logo\"><\/figure>\n<figure><img decoding=\"async\" src=\"https:\/\/angitex.com\/wp-content\/uploads\/2022\/06\/Roland-DG_logo.png\" alt=\"Roland-DG_logo\"><\/figure>\n<figure><img decoding=\"async\" src=\"https:\/\/angitex.com\/wp-content\/uploads\/2022\/06\/t-grama-300x147.png\" alt=\"t-grama\"><\/figure>\n<figure><img decoding=\"async\" src=\"https:\/\/angitex.com\/wp-content\/uploads\/2022\/06\/fastline-300x300.png\" alt=\"fastline\"><\/figure>\n<figure><img decoding=\"async\" src=\"https:\/\/angitex.com\/wp-content\/uploads\/2022\/06\/speedline-300x300.png\" alt=\"speedline\"><\/figure>\n<figure><img decoding=\"async\" src=\"https:\/\/angitex.com\/wp-content\/uploads\/2022\/07\/coreexa-300x88.png\" alt=\"coreexa\"><\/figure>\n<h2>Contactez-nous<\/h2>\n<div class=\"wpforms-container wpforms-container-full\" id=\"wpforms-510\"><form id=\"wpforms-form-510\" class=\"wpforms-validate wpforms-form wpforms-ajax-form\" data-formid=\"510\" method=\"post\" enctype=\"multipart\/form-data\" action=\"\/fr\/wp-json\/wp\/v2\/pages\/176\" data-token=\"aa19cd957a1480d497bb25d42a4e27cd\" data-trp-original-action=\"\/fr\/wp-json\/wp\/v2\/pages\/176\"><noscript class=\"wpforms-error-noscript\">Please enable JavaScript in your browser to complete this form.<\/noscript><div class=\"wpforms-field-container\"><div id=\"wpforms-510-field_1-container\" class=\"wpforms-field wpforms-field-text\" data-field-id=\"1\"><label class=\"wpforms-field-label\" for=\"wpforms-510-field_1\">Nom <span class=\"wpforms-required-label\">*<\/span><\/label><input type=\"text\" id=\"wpforms-510-field_1\" class=\"wpforms-field-large wpforms-field-required\" name=\"wpforms[fields][1]\" required><\/div><div id=\"wpforms-510-field_2-container\" class=\"wpforms-field wpforms-field-text\" data-field-id=\"2\"><label class=\"wpforms-field-label\" for=\"wpforms-510-field_2\">Compagnie <span class=\"wpforms-required-label\">*<\/span><\/label><input type=\"text\" id=\"wpforms-510-field_2\" class=\"wpforms-field-large wpforms-field-required\" name=\"wpforms[fields][2]\" required><\/div><div id=\"wpforms-510-field_3-container\" class=\"wpforms-field wpforms-field-email\" data-field-id=\"3\"><label class=\"wpforms-field-label\" for=\"wpforms-510-field_3\">E-mail <span class=\"wpforms-required-label\">*<\/span><\/label><input type=\"email\" id=\"wpforms-510-field_3\" class=\"wpforms-field-large wpforms-field-required\" name=\"wpforms[fields][3]\" spellcheck=\"false\" required><\/div><div id=\"wpforms-510-field_7-container\" class=\"wpforms-field wpforms-field-text\" data-field-id=\"7\"><label class=\"wpforms-field-label\" for=\"wpforms-510-field_7\">Phone Number <span class=\"wpforms-required-label\">*<\/span><\/label><input type=\"text\" id=\"wpforms-510-field_7\" class=\"wpforms-field-medium wpforms-field-required\" name=\"wpforms[fields][7]\" required><\/div><div id=\"wpforms-510-field_4-container\" class=\"wpforms-field wpforms-field-textarea\" data-field-id=\"4\"><label class=\"wpforms-field-label\" for=\"wpforms-510-field_4\">Message<\/label><textarea id=\"wpforms-510-field_4\" class=\"wpforms-field-medium\" name=\"wpforms[fields][4]\" ><\/textarea><\/div><div id=\"wpforms-510-field_8-container\" class=\"wpforms-field wpforms-field-checkbox\" data-field-id=\"8\"><label class=\"wpforms-field-label\" for=\"wpforms-510-field_8\">Checkboxes <span class=\"wpforms-required-label\">*<\/span><\/label><ul id=\"wpforms-510-field_8\" class=\"wpforms-field-required\"><li class=\"choice-1 depth-1\"><input type=\"checkbox\" id=\"wpforms-510-field_8_1\" name=\"wpforms[fields][8][]\" value=\"I accept the privacy policy and to be contacted regarding the subject of the form.\" required><label class=\"wpforms-field-label-inline\" for=\"wpforms-510-field_8_1\">I accept the privacy policy and to be contacted regarding the subject of the form.<\/label><\/li><\/ul><\/div><\/div><!-- .wpforms-field-container --><div class=\"wpforms-recaptcha-container wpforms-is-recaptcha wpforms-is-recaptcha-type-v3\" ><input type=\"hidden\" name=\"wpforms[recaptcha]\" value=\"\"><\/div><div class=\"wpforms-submit-container\" ><input type=\"hidden\" name=\"wpforms[id]\" value=\"510\"><input type=\"hidden\" name=\"wpforms[author]\" value=\"1\"><button type=\"submit\" name=\"wpforms[submit]\" id=\"wpforms-submit-510\" class=\"wpforms-submit\" data-alt-text=\"Sending...\" data-submit-text=\"Submit\" aria-live=\"assertive\" value=\"wpforms-submit\">Soumettre<\/button><img decoding=\"async\" src=\"https:\/\/angitex.com\/wp-content\/plugins\/wpforms-lite\/assets\/images\/submit-spin.svg\" class=\"wpforms-submit-spinner\" style=\"display: none;\" width=\"26\" height=\"26\" alt=\"Loading\"><\/div><input type=\"hidden\" name=\"trp-form-language\" value=\"fr\"\/><\/form><\/div>  <!-- .wpforms-container -->","protected":false},"excerpt":{"rendered":"<p>About us Our History Angitex started up in Canada in 2012. Since the beginning, Angitex has been creating it\u2019s own space in the Canadian sublimation market building and growing a strong relationship with a client base installed in the textile industry. With an extensive overall knowledge in the sublimation process, transfer films, printers, laser cutters [&hellip;]<\/p>","protected":false},"author":1,"featured_media":0,"parent":0,"menu_order":0,"comment_status":"closed","ping_status":"closed","template":"","meta":{"site-sidebar-layout":"no-sidebar","site-content-layout":"page-builder","ast-site-content-layout":"full-width-container","site-content-style":"unboxed","site-sidebar-style":"unboxed","ast-global-header-display":"","ast-banner-title-visibility":"","ast-main-header-display":"","ast-hfb-above-header-display":"","ast-hfb-below-header-display":"","ast-hfb-mobile-header-display":"","site-post-title":"disabled","ast-breadcrumbs-content":"","ast-featured-img":"disabled","footer-sml-layout":"","theme-transparent-header-meta":"","adv-header-id-meta":"","stick-header-meta":"","header-above-stick-meta":"","header-main-stick-meta":"","header-below-stick-meta":"","astra-migrate-meta-layouts":"set","ast-page-background-enabled":"default","ast-page-background-meta":{"desktop":{"background-color":"var(--ast-global-color-4)","background-image":"","background-repeat":"repeat","background-position":"center center","background-size":"auto","background-attachment":"scroll","background-type":"","background-media":"","overlay-type":"","overlay-color":"","overlay-gradient":""},"tablet":{"background-color":"","background-image":"","background-repeat":"repeat","background-position":"center center","background-size":"auto","background-attachment":"scroll","background-type":"","background-media":"","overlay-type":"","overlay-color":"","overlay-gradient":""},"mobile":{"background-color":"","background-image":"","background-repeat":"repeat","background-position":"center center","background-size":"auto","background-attachment":"scroll","background-type":"","background-media":"","overlay-type":"","overlay-color":"","overlay-gradient":""}},"ast-content-background-meta":{"desktop":{"background-color":"var(--ast-global-color-5)","background-image":"","background-repeat":"repeat","background-position":"center center","background-size":"auto","background-attachment":"scroll","background-type":"","background-media":"","overlay-type":"","overlay-color":"","overlay-gradient":""},"tablet":{"background-color":"var(--ast-global-color-5)","background-image":"","background-repeat":"repeat","background-position":"center center","background-size":"auto","background-attachment":"scroll","background-type":"","background-media":"","overlay-type":"","overlay-color":"","overlay-gradient":""},"mobile":{"background-color":"var(--ast-global-color-5)","background-image":"","background-repeat":"repeat","background-position":"center center","background-size":"auto","background-attachment":"scroll","background-type":"","background-media":"","overlay-type":"","overlay-color":"","overlay-gradient":""}},"footnotes":""},"class_list":["post-176","page","type-page","status-publish","hentry"],"yoast_head":"<!-- This site is optimized with the Yoast SEO plugin v22.2 - https:\/\/yoast.com\/wordpress\/plugins\/seo\/ -->\r\n<title>About us - Angitex<\/title>\r\n<meta name=\"description\" content=\"Since 2012, Angitex has been creating it\u2019s own space in the Canadian sublimation market, growing its influence in the market every year.\" \/>\r\n<meta name=\"robots\" content=\"index, follow, max-snippet:-1, max-image-preview:large, max-video-preview:-1\" \/>\r\n<link rel=\"canonical\" href=\"https:\/\/angitex.com\/fr\/about-us\/\" \/>\r\n<meta property=\"og:locale\" content=\"fr_FR\" \/>\r\n<meta property=\"og:type\" content=\"article\" \/>\r\n<meta property=\"og:title\" content=\"About us - Angitex\" \/>\r\n<meta property=\"og:description\" content=\"Since 2012, Angitex has been creating it\u2019s own space in the Canadian sublimation market, growing its influence in the market every year.\" \/>\r\n<meta property=\"og:url\" content=\"https:\/\/angitex.com\/fr\/about-us\/\" \/>\r\n<meta property=\"og:site_name\" content=\"Angitex\" \/>\r\n<meta property=\"article:modified_time\" content=\"2024-07-29T14:42:47+00:00\" \/>\r\n<meta property=\"og:image\" content=\"https:\/\/angitex.com\/wp-content\/uploads\/2022\/06\/scott-webb-ZA3doKcVbDA-unsplash-scaled-1024x683.jpg\" \/>\r\n<meta name=\"twitter:card\" content=\"summary_large_image\" \/>\r\n<meta name=\"twitter:label1\" content=\"Est. reading time\" \/>\n\t<meta name=\"twitter:data1\" content=\"3 minutes\" \/>\r\n<script type=\"application\/ld+json\" class=\"yoast-schema-graph\">{\"@context\":\"https:\/\/schema.org\",\"@graph\":[{\"@type\":\"WebPage\",\"@id\":\"https:\/\/angitex.com\/about-us\/\",\"url\":\"https:\/\/angitex.com\/about-us\/\",\"name\":\"About us - Angitex\",\"isPartOf\":{\"@id\":\"https:\/\/angitex.com\/#website\"},\"primaryImageOfPage\":{\"@id\":\"https:\/\/angitex.com\/about-us\/#primaryimage\"},\"image\":{\"@id\":\"https:\/\/angitex.com\/about-us\/#primaryimage\"},\"thumbnailUrl\":\"https:\/\/angitex.com\/wp-content\/uploads\/2022\/06\/scott-webb-ZA3doKcVbDA-unsplash-scaled-1024x683.jpg\",\"datePublished\":\"2022-05-31T14:19:03+00:00\",\"dateModified\":\"2024-07-29T14:42:47+00:00\",\"description\":\"Since 2012, Angitex has been creating it\u2019s own space in the Canadian sublimation market, growing its influence in the market every year.\",\"inLanguage\":\"fr-FR\",\"potentialAction\":[{\"@type\":\"ReadAction\",\"target\":[\"https:\/\/angitex.com\/about-us\/\"]}]},{\"@type\":\"ImageObject\",\"inLanguage\":\"fr-FR\",\"@id\":\"https:\/\/angitex.com\/about-us\/#primaryimage\",\"url\":\"https:\/\/angitex.com\/wp-content\/uploads\/2022\/06\/scott-webb-ZA3doKcVbDA-unsplash-scaled.jpg\",\"contentUrl\":\"https:\/\/angitex.com\/wp-content\/uploads\/2022\/06\/scott-webb-ZA3doKcVbDA-unsplash-scaled.jpg\",\"width\":2560,\"height\":1707},{\"@type\":\"WebSite\",\"@id\":\"https:\/\/angitex.com\/#website\",\"url\":\"https:\/\/angitex.com\/\",\"name\":\"Angitex\",\"description\":\"Your partner for large printing products\",\"publisher\":{\"@id\":\"https:\/\/angitex.com\/#organization\"},\"potentialAction\":[{\"@type\":\"SearchAction\",\"target\":{\"@type\":\"EntryPoint\",\"urlTemplate\":\"https:\/\/angitex.com\/?s={search_term_string}\"},\"query-input\":\"required name=search_term_string\"}],\"inLanguage\":\"fr-FR\"},{\"@type\":\"Organization\",\"@id\":\"https:\/\/angitex.com\/#organization\",\"name\":\"Angitex\",\"url\":\"https:\/\/angitex.com\/\",\"logo\":{\"@type\":\"ImageObject\",\"inLanguage\":\"fr-FR\",\"@id\":\"https:\/\/angitex.com\/#\/schema\/logo\/image\/\",\"url\":\"https:\/\/angitex.com\/wp-content\/uploads\/2022\/05\/Angitex-2.png\",\"contentUrl\":\"https:\/\/angitex.com\/wp-content\/uploads\/2022\/05\/Angitex-2.png\",\"width\":1386,\"height\":521,\"caption\":\"Angitex\"},\"image\":{\"@id\":\"https:\/\/angitex.com\/#\/schema\/logo\/image\/\"}}]}<\/script>\r\n<!-- \/ Yoast SEO plugin. -->","yoast_head_json":{"title":"About us - Angitex","description":"Since 2012, Angitex has been creating it\u2019s own space in the Canadian sublimation market, growing its influence in the market every year.","robots":{"index":"index","follow":"follow","max-snippet":"max-snippet:-1","max-image-preview":"max-image-preview:large","max-video-preview":"max-video-preview:-1"},"canonical":"https:\/\/angitex.com\/fr\/about-us\/","og_locale":"fr_FR","og_type":"article","og_title":"About us - Angitex","og_description":"Since 2012, Angitex has been creating it\u2019s own space in the Canadian sublimation market, growing its influence in the market every year.","og_url":"https:\/\/angitex.com\/fr\/about-us\/","og_site_name":"Angitex","article_modified_time":"2024-07-29T14:42:47+00:00","og_image":[{"url":"https:\/\/angitex.com\/wp-content\/uploads\/2022\/06\/scott-webb-ZA3doKcVbDA-unsplash-scaled-1024x683.jpg"}],"twitter_card":"summary_large_image","twitter_misc":{"Est. reading time":"3 minutes"},"schema":{"@context":"https:\/\/schema.org","@graph":[{"@type":"WebPage","@id":"https:\/\/angitex.com\/about-us\/","url":"https:\/\/angitex.com\/about-us\/","name":"About us - Angitex","isPartOf":{"@id":"https:\/\/angitex.com\/#website"},"primaryImageOfPage":{"@id":"https:\/\/angitex.com\/about-us\/#primaryimage"},"image":{"@id":"https:\/\/angitex.com\/about-us\/#primaryimage"},"thumbnailUrl":"https:\/\/angitex.com\/wp-content\/uploads\/2022\/06\/scott-webb-ZA3doKcVbDA-unsplash-scaled-1024x683.jpg","datePublished":"2022-05-31T14:19:03+00:00","dateModified":"2024-07-29T14:42:47+00:00","description":"Since 2012, Angitex has been creating it\u2019s own space in the Canadian sublimation market, growing its influence in the market every year.","inLanguage":"fr-FR","potentialAction":[{"@type":"ReadAction","target":["https:\/\/angitex.com\/about-us\/"]}]},{"@type":"ImageObject","inLanguage":"fr-FR","@id":"https:\/\/angitex.com\/about-us\/#primaryimage","url":"https:\/\/angitex.com\/wp-content\/uploads\/2022\/06\/scott-webb-ZA3doKcVbDA-unsplash-scaled.jpg","contentUrl":"https:\/\/angitex.com\/wp-content\/uploads\/2022\/06\/scott-webb-ZA3doKcVbDA-unsplash-scaled.jpg","width":2560,"height":1707},{"@type":"WebSite","@id":"https:\/\/angitex.com\/#website","url":"https:\/\/angitex.com\/","name":"Angitex","description":"Your partner for large printing products","publisher":{"@id":"https:\/\/angitex.com\/#organization"},"potentialAction":[{"@type":"SearchAction","target":{"@type":"EntryPoint","urlTemplate":"https:\/\/angitex.com\/?s={search_term_string}"},"query-input":"required name=search_term_string"}],"inLanguage":"fr-FR"},{"@type":"Organization","@id":"https:\/\/angitex.com\/#organization","name":"Angitex","url":"https:\/\/angitex.com\/","logo":{"@type":"ImageObject","inLanguage":"fr-FR","@id":"https:\/\/angitex.com\/#\/schema\/logo\/image\/","url":"https:\/\/angitex.com\/wp-content\/uploads\/2022\/05\/Angitex-2.png","contentUrl":"https:\/\/angitex.com\/wp-content\/uploads\/2022\/05\/Angitex-2.png","width":1386,"height":521,"caption":"Angitex"},"image":{"@id":"https:\/\/angitex.com\/#\/schema\/logo\/image\/"}}]}},"_links":{"self":[{"href":"https:\/\/angitex.com\/fr\/wp-json\/wp\/v2\/pages\/176","targetHints":{"allow":["GET"]}}],"collection":[{"href":"https:\/\/angitex.com\/fr\/wp-json\/wp\/v2\/pages"}],"about":[{"href":"https:\/\/angitex.com\/fr\/wp-json\/wp\/v2\/types\/page"}],"author":[{"embeddable":true,"href":"https:\/\/angitex.com\/fr\/wp-json\/wp\/v2\/users\/1"}],"replies":[{"embeddable":true,"href":"https:\/\/angitex.com\/fr\/wp-json\/wp\/v2\/comments?post=176"}],"version-history":[{"count":69,"href":"https:\/\/angitex.com\/fr\/wp-json\/wp\/v2\/pages\/176\/revisions"}],"predecessor-version":[{"id":1997,"href":"https:\/\/angitex.com\/fr\/wp-json\/wp\/v2\/pages\/176\/revisions\/1997"}],"wp:attachment":[{"href":"https:\/\/angitex.com\/fr\/wp-json\/wp\/v2\/media?parent=176"}],"curies":[{"name":"wp","href":"https:\/\/api.w.org\/{rel}","templated":true}]}}