{"id":1922,"date":"2023-12-12T15:26:34","date_gmt":"2023-12-12T15:26:34","guid":{"rendered":"https:\/\/angitex.com\/?post_type=product&#038;p=1922"},"modified":"2023-12-12T15:34:17","modified_gmt":"2023-12-12T15:34:17","slug":"dtf-uv-3-heads","status":"publish","type":"product","link":"https:\/\/angitex.com\/fr\/product\/dtf-uv-3-heads\/","title":{"rendered":"DTF UV &#8211; 3 Heads"},"content":{"rendered":"<p><strong>The benefits of DTF, in UV version<\/strong><br \/>\nEnjoy the proven quality of UV printing in the simplified format offered by DTF technology.<\/p>\n<p>This innovative DTF UV printing system allows the reproduction of images and designs in UV format, enabling application on various surfaces with ease and precision.<\/p>\n<p><strong>Main Features:<\/strong><\/p>\n<ul>\n<li>Anti-Collision System<\/li>\n<li>Water Chiller Refrigeration for UV Lamp<\/li>\n<li>Rubber Roller for Lamination<\/li>\n<li>Controlled rolling pressure<\/li>\n<li>Anti-static control<\/li>\n<li>Low ink alarm<\/li>\n<\/ul>","protected":false},"excerpt":{"rendered":"<p><span class=\"VIiyi\" lang=\"en\"><span class=\"JLqJ4b ChMk0b\" data-language-for-alternatives=\"en\" data-language-to-translate-into=\"pt\" data-phrase-index=\"0\" data-number-of-phrases=\"23\"><span class=\"Q4iAWc\">Le syst\u00e8me d'impression DTF est le syst\u00e8me d'application textile num\u00e9rique le plus innovant.<\/span><\/span> <span class=\"JLqJ4b ChMk0b\" data-language-for-alternatives=\"en\" data-language-to-translate-into=\"pt\" data-phrase-index=\"1\" data-number-of-phrases=\"23\"><span class=\"Q4iAWc\">Gr\u00e2ce \u00e0 sa flexibilit\u00e9 d'impression, il permet d'imprimer diff\u00e9rentes images en m\u00eame temps sans avoir besoin d'ouvrir des cadres<\/span><\/span><\/span>.<\/p>","protected":false},"featured_media":1923,"comment_status":"open","ping_status":"closed","template":"","meta":{"site-sidebar-layout":"default","site-content-layout":"default","ast-site-content-layout":"default","site-content-style":"default","site-sidebar-style":"default","ast-global-header-display":"","ast-banner-title-visibility":"","ast-main-header-display":"","ast-hfb-above-header-display":"","ast-hfb-below-header-display":"","ast-hfb-mobile-header-display":"","site-post-title":"","ast-breadcrumbs-content":"","ast-featured-img":"","footer-sml-layout":"","theme-transparent-header-meta":"default","adv-header-id-meta":"","stick-header-meta":"","header-above-stick-meta":"","header-main-stick-meta":"","header-below-stick-meta":"","astra-migrate-meta-layouts":"set","ast-page-background-enabled":"default","ast-page-background-meta":{"desktop":{"background-color":"var(--ast-global-color-4)","background-image":"","background-repeat":"repeat","background-position":"center center","background-size":"auto","background-attachment":"scroll","background-type":"","background-media":"","overlay-type":"","overlay-color":"","overlay-gradient":""},"tablet":{"background-color":"","background-image":"","background-repeat":"repeat","background-position":"center center","background-size":"auto","background-attachment":"scroll","background-type":"","background-media":"","overlay-type":"","overlay-color":"","overlay-gradient":""},"mobile":{"background-color":"","background-image":"","background-repeat":"repeat","background-position":"center center","background-size":"auto","background-attachment":"scroll","background-type":"","background-media":"","overlay-type":"","overlay-color":"","overlay-gradient":""}},"ast-content-background-meta":{"desktop":{"background-color":"var(--ast-global-color-5)","background-image":"","background-repeat":"repeat","background-position":"center center","background-size":"auto","background-attachment":"scroll","background-type":"","background-media":"","overlay-type":"","overlay-color":"","overlay-gradient":""},"tablet":{"background-color":"var(--ast-global-color-5)","background-image":"","background-repeat":"repeat","background-position":"center center","background-size":"auto","background-attachment":"scroll","background-type":"","background-media":"","overlay-type":"","overlay-color":"","overlay-gradient":""},"mobile":{"background-color":"var(--ast-global-color-5)","background-image":"","background-repeat":"repeat","background-position":"center center","background-size":"auto","background-attachment":"scroll","background-type":"","background-media":"","overlay-type":"","overlay-color":"","overlay-gradient":""}}},"product_cat":[52,38],"product_tag":[],"class_list":{"0":"post-1922","1":"product","2":"type-product","3":"status-publish","4":"has-post-thumbnail","6":"product_cat-dtf","7":"product_cat-uv-print","8":"desktop-align-left","9":"tablet-align-left","10":"mobile-align-left","12":"first","13":"instock","14":"shipping-taxable","15":"product-type-simple"},"yoast_head":"<!-- This site is optimized with the Yoast SEO plugin v22.2 - https:\/\/yoast.com\/wordpress\/plugins\/seo\/ -->\r\n<title>DTF UV - 3 Heads - Angitex<\/title>\r\n<meta name=\"description\" content=\"The DTF printing system is the most innovative digital textile application system. It allows printing different images at the same time.\" \/>\r\n<meta name=\"robots\" content=\"index, follow, max-snippet:-1, max-image-preview:large, max-video-preview:-1\" \/>\r\n<link rel=\"canonical\" href=\"https:\/\/angitex.com\/fr\/product\/dtf-uv-3-heads\/\" \/>\r\n<meta property=\"og:locale\" content=\"fr_FR\" \/>\r\n<meta property=\"og:type\" content=\"article\" \/>\r\n<meta property=\"og:title\" content=\"DTF UV - 3 Heads - Angitex\" \/>\r\n<meta property=\"og:description\" content=\"The DTF printing system is the most innovative digital textile application system. It allows printing different images at the same time.\" \/>\r\n<meta property=\"og:url\" content=\"https:\/\/angitex.com\/fr\/product\/dtf-uv-3-heads\/\" \/>\r\n<meta property=\"og:site_name\" content=\"Angitex\" \/>\r\n<meta property=\"article:modified_time\" content=\"2023-12-12T15:34:17+00:00\" \/>\r\n<meta property=\"og:image\" content=\"https:\/\/angitex.com\/wp-content\/uploads\/2023\/12\/dtf-uv.jpg\" \/>\r\n\t<meta property=\"og:image:width\" content=\"1024\" \/>\r\n\t<meta property=\"og:image:height\" content=\"768\" \/>\r\n\t<meta property=\"og:image:type\" content=\"image\/jpeg\" \/>\r\n<meta name=\"twitter:card\" content=\"summary_large_image\" \/>\r\n<meta name=\"twitter:label1\" content=\"Est. reading time\" \/>\n\t<meta name=\"twitter:data1\" content=\"1 minute\" \/>\r\n<script type=\"application\/ld+json\" class=\"yoast-schema-graph\">{\"@context\":\"https:\/\/schema.org\",\"@graph\":[{\"@type\":\"WebPage\",\"@id\":\"https:\/\/angitex.com\/product\/dtf-uv-3-heads\/\",\"url\":\"https:\/\/angitex.com\/product\/dtf-uv-3-heads\/\",\"name\":\"DTF UV - 3 Heads - Angitex\",\"isPartOf\":{\"@id\":\"https:\/\/angitex.com\/#website\"},\"primaryImageOfPage\":{\"@id\":\"https:\/\/angitex.com\/product\/dtf-uv-3-heads\/#primaryimage\"},\"image\":{\"@id\":\"https:\/\/angitex.com\/product\/dtf-uv-3-heads\/#primaryimage\"},\"thumbnailUrl\":\"https:\/\/angitex.com\/wp-content\/uploads\/2023\/12\/dtf-uv.jpg\",\"datePublished\":\"2023-12-12T15:26:34+00:00\",\"dateModified\":\"2023-12-12T15:34:17+00:00\",\"description\":\"The DTF printing system is the most innovative digital textile application system. It allows printing different images at the same time.\",\"breadcrumb\":{\"@id\":\"https:\/\/angitex.com\/product\/dtf-uv-3-heads\/#breadcrumb\"},\"inLanguage\":\"fr-FR\",\"potentialAction\":[{\"@type\":\"ReadAction\",\"target\":[\"https:\/\/angitex.com\/product\/dtf-uv-3-heads\/\"]}]},{\"@type\":\"ImageObject\",\"inLanguage\":\"fr-FR\",\"@id\":\"https:\/\/angitex.com\/product\/dtf-uv-3-heads\/#primaryimage\",\"url\":\"https:\/\/angitex.com\/wp-content\/uploads\/2023\/12\/dtf-uv.jpg\",\"contentUrl\":\"https:\/\/angitex.com\/wp-content\/uploads\/2023\/12\/dtf-uv.jpg\",\"width\":1024,\"height\":768},{\"@type\":\"BreadcrumbList\",\"@id\":\"https:\/\/angitex.com\/product\/dtf-uv-3-heads\/#breadcrumb\",\"itemListElement\":[{\"@type\":\"ListItem\",\"position\":1,\"name\":\"Products\",\"item\":\"https:\/\/angitex.com\/shop\/\"},{\"@type\":\"ListItem\",\"position\":2,\"name\":\"DTF UV &#8211; 3 Heads\"}]},{\"@type\":\"WebSite\",\"@id\":\"https:\/\/angitex.com\/#website\",\"url\":\"https:\/\/angitex.com\/\",\"name\":\"Angitex\",\"description\":\"Your partner for large printing products\",\"publisher\":{\"@id\":\"https:\/\/angitex.com\/#organization\"},\"potentialAction\":[{\"@type\":\"SearchAction\",\"target\":{\"@type\":\"EntryPoint\",\"urlTemplate\":\"https:\/\/angitex.com\/?s={search_term_string}\"},\"query-input\":\"required name=search_term_string\"}],\"inLanguage\":\"fr-FR\"},{\"@type\":\"Organization\",\"@id\":\"https:\/\/angitex.com\/#organization\",\"name\":\"Angitex\",\"url\":\"https:\/\/angitex.com\/\",\"logo\":{\"@type\":\"ImageObject\",\"inLanguage\":\"fr-FR\",\"@id\":\"https:\/\/angitex.com\/#\/schema\/logo\/image\/\",\"url\":\"https:\/\/angitex.com\/wp-content\/uploads\/2022\/05\/Angitex-2.png\",\"contentUrl\":\"https:\/\/angitex.com\/wp-content\/uploads\/2022\/05\/Angitex-2.png\",\"width\":1386,\"height\":521,\"caption\":\"Angitex\"},\"image\":{\"@id\":\"https:\/\/angitex.com\/#\/schema\/logo\/image\/\"}}]}<\/script>\r\n<!-- \/ Yoast SEO plugin. -->","yoast_head_json":{"title":"DTF UV - 3 Heads - Angitex","description":"The DTF printing system is the most innovative digital textile application system. It allows printing different images at the same time.","robots":{"index":"index","follow":"follow","max-snippet":"max-snippet:-1","max-image-preview":"max-image-preview:large","max-video-preview":"max-video-preview:-1"},"canonical":"https:\/\/angitex.com\/fr\/product\/dtf-uv-3-heads\/","og_locale":"fr_FR","og_type":"article","og_title":"DTF UV - 3 Heads - Angitex","og_description":"The DTF printing system is the most innovative digital textile application system. It allows printing different images at the same time.","og_url":"https:\/\/angitex.com\/fr\/product\/dtf-uv-3-heads\/","og_site_name":"Angitex","article_modified_time":"2023-12-12T15:34:17+00:00","og_image":[{"width":1024,"height":768,"url":"https:\/\/angitex.com\/wp-content\/uploads\/2023\/12\/dtf-uv.jpg","type":"image\/jpeg"}],"twitter_card":"summary_large_image","twitter_misc":{"Est. reading time":"1 minute"},"schema":{"@context":"https:\/\/schema.org","@graph":[{"@type":"WebPage","@id":"https:\/\/angitex.com\/product\/dtf-uv-3-heads\/","url":"https:\/\/angitex.com\/product\/dtf-uv-3-heads\/","name":"DTF UV - 3 Heads - Angitex","isPartOf":{"@id":"https:\/\/angitex.com\/#website"},"primaryImageOfPage":{"@id":"https:\/\/angitex.com\/product\/dtf-uv-3-heads\/#primaryimage"},"image":{"@id":"https:\/\/angitex.com\/product\/dtf-uv-3-heads\/#primaryimage"},"thumbnailUrl":"https:\/\/angitex.com\/wp-content\/uploads\/2023\/12\/dtf-uv.jpg","datePublished":"2023-12-12T15:26:34+00:00","dateModified":"2023-12-12T15:34:17+00:00","description":"The DTF printing system is the most innovative digital textile application system. It allows printing different images at the same time.","breadcrumb":{"@id":"https:\/\/angitex.com\/product\/dtf-uv-3-heads\/#breadcrumb"},"inLanguage":"fr-FR","potentialAction":[{"@type":"ReadAction","target":["https:\/\/angitex.com\/product\/dtf-uv-3-heads\/"]}]},{"@type":"ImageObject","inLanguage":"fr-FR","@id":"https:\/\/angitex.com\/product\/dtf-uv-3-heads\/#primaryimage","url":"https:\/\/angitex.com\/wp-content\/uploads\/2023\/12\/dtf-uv.jpg","contentUrl":"https:\/\/angitex.com\/wp-content\/uploads\/2023\/12\/dtf-uv.jpg","width":1024,"height":768},{"@type":"BreadcrumbList","@id":"https:\/\/angitex.com\/product\/dtf-uv-3-heads\/#breadcrumb","itemListElement":[{"@type":"ListItem","position":1,"name":"Products","item":"https:\/\/angitex.com\/shop\/"},{"@type":"ListItem","position":2,"name":"DTF UV &#8211; 3 Heads"}]},{"@type":"WebSite","@id":"https:\/\/angitex.com\/#website","url":"https:\/\/angitex.com\/","name":"Angitex","description":"Your partner for large printing products","publisher":{"@id":"https:\/\/angitex.com\/#organization"},"potentialAction":[{"@type":"SearchAction","target":{"@type":"EntryPoint","urlTemplate":"https:\/\/angitex.com\/?s={search_term_string}"},"query-input":"required name=search_term_string"}],"inLanguage":"fr-FR"},{"@type":"Organization","@id":"https:\/\/angitex.com\/#organization","name":"Angitex","url":"https:\/\/angitex.com\/","logo":{"@type":"ImageObject","inLanguage":"fr-FR","@id":"https:\/\/angitex.com\/#\/schema\/logo\/image\/","url":"https:\/\/angitex.com\/wp-content\/uploads\/2022\/05\/Angitex-2.png","contentUrl":"https:\/\/angitex.com\/wp-content\/uploads\/2022\/05\/Angitex-2.png","width":1386,"height":521,"caption":"Angitex"},"image":{"@id":"https:\/\/angitex.com\/#\/schema\/logo\/image\/"}}]}},"_links":{"self":[{"href":"https:\/\/angitex.com\/fr\/wp-json\/wp\/v2\/product\/1922","targetHints":{"allow":["GET"]}}],"collection":[{"href":"https:\/\/angitex.com\/fr\/wp-json\/wp\/v2\/product"}],"about":[{"href":"https:\/\/angitex.com\/fr\/wp-json\/wp\/v2\/types\/product"}],"replies":[{"embeddable":true,"href":"https:\/\/angitex.com\/fr\/wp-json\/wp\/v2\/comments?post=1922"}],"wp:featuredmedia":[{"embeddable":true,"href":"https:\/\/angitex.com\/fr\/wp-json\/wp\/v2\/media\/1923"}],"wp:attachment":[{"href":"https:\/\/angitex.com\/fr\/wp-json\/wp\/v2\/media?parent=1922"}],"wp:term":[{"taxonomy":"product_cat","embeddable":true,"href":"https:\/\/angitex.com\/fr\/wp-json\/wp\/v2\/product_cat?post=1922"},{"taxonomy":"product_tag","embeddable":true,"href":"https:\/\/angitex.com\/fr\/wp-json\/wp\/v2\/product_tag?post=1922"}],"curies":[{"name":"wp","href":"https:\/\/api.w.org\/{rel}","templated":true}]}}