{"id":71,"date":"2022-05-31T09:14:25","date_gmt":"2022-05-31T09:14:25","guid":{"rendered":"https:\/\/angitex.com\/product\/sublimax-170t\/"},"modified":"2022-07-07T14:59:57","modified_gmt":"2022-07-07T14:59:57","slug":"sublimax-170t","status":"publish","type":"product","link":"https:\/\/angitex.com\/fr\/product\/sublimax-170t\/","title":{"rendered":"Sublimax 170T"},"content":{"rendered":"<p>Calandre chauffante avec tambour chauff\u00e9 \u00e0 l'huile con\u00e7ue pour le transfert thermique du papier sublim\u00e9 au tissu et pour la fixation de l'encre imprim\u00e9e sur le tissu.<\/p>\n<p>Machine compacte qui assure l'uniformit\u00e9 et la stabilit\u00e9 de la temp\u00e9rature pendant tout le processus de travail sur toute la largeur du tambour.<\/p>\n<p><strong>Service \u00e0 distance intelligent\u00a0: <\/strong>Sublimax 170 peut \u00eatre connect\u00e9 au r\u00e9seau internet pour une assistance \u00e0 distance, pour un diagnostic rapide et efficace.<\/p>\n<h2>FABRICS WITH BRIGHT AND VIVID COLOURS<\/h2>\n<ul>\n<li>Machine compacte \u00e9quip\u00e9e de la derni\u00e8re g\u00e9n\u00e9rationtambour chauff\u00e9 \u00e0 l'huile, qui assure l'uniformit\u00e9 et la stabilit\u00e9 detemp\u00e9rature pour l'ensemble du processus de travailtoute la largeur du tambour<\/li>\n<li>R\u00e9sultat final: tissu imprim\u00e9 de haute qualit\u00e9 et durable.Excellente p\u00e9n\u00e9tration d'encre avec des couleurs vives et brillantes etavec des tons continus, adapt\u00e9 pour l'int\u00e9rieur et l'ext\u00e9rieurutiliser et lavable plusieurs fois<\/li>\n<li>Trois modes de fonctionnement:<br \/>\n1. \u00abroll to roll\u00bb pour l\u2019impression continue de tissuspapier de sublimation<br \/>\n2. \u00abpi\u00e8ce unique\u00bb pour l\u2019impression de morceaux de tissupapier de sublimation en rouleau et pi\u00e8ces uniques (versionSublimax T avec table)<br \/>\n3. \u00abr\u00e9activation et fixation\u00bb des encres sublim\u00e9es imprim\u00e9esdirectement sur les tissus<\/li>\n<li>Convient pour: tissu tiss\u00e9, tissu tricot\u00e9 synth\u00e9tique,tissu non tiss\u00e9 (polyester, nylon, acrylique), beaucoup plus ...<\/li>\n<li>Polyvalence maximale gr\u00e2ce au panneau de commande intuitif \u00e0 \u00e9cran tactile<br \/>\n<h2><\/h2>\n<h2><\/h2>\n<h2>\nSUBLIMAX 170<\/h2>\n<div class=\"productCaratteristicheTitle\">Calandre chauffante avec tambour chauff\u00e9 \u00e0 l'huile con\u00e7ue pour le transfert thermique du papier sublim\u00e9 au tissu et pour la fixation de l'encre imprim\u00e9e sur le tissu<\/div>\n<ul>\n<li>Ceinture en feutre de haute qualit\u00e9<\/li>\n<li>Bande de feutre de haute qualit\u00e9 avec suivi automatique<\/li>\n<li>R\u00e9glage de la tension de la courroie en feutre<\/li>\n<li>Tambour rempli d'huile exclusif<\/li>\n<li>6 puits pour mat\u00e9riaux<\/li>\n<li>\u00c9cran tactile couleur num\u00e9rique<\/li>\n<li>Stockage jusqu'\u00e0 24 r\u00e9glages diff\u00e9rents<\/li>\n<li>Table frontale sur roulettes (en option)<\/li>\n<li>Minuterie de pr\u00e9chauffage automatique<\/li>\n<li>Syst\u00e8me de refroidissement avec arr\u00eat automatique<\/li>\n<\/ul>\n<\/li>\n<\/ul>\n<div class=\"ast-oembed-container\" style=\"height: 100%;\"><iframe title=\"Calandra a caldo per sublimazione tessuti Sublimax con rullo da 500 mm\" width=\"500\" height=\"281\" src=\"https:\/\/www.youtube.com\/embed\/tmX6KzqmflI?feature=oembed\" frameborder=\"0\" allow=\"accelerometer; autoplay; clipboard-write; encrypted-media; gyroscope; picture-in-picture; web-share\" referrerpolicy=\"strict-origin-when-cross-origin\" allowfullscreen><\/iframe><\/div>","protected":false},"excerpt":{"rendered":"<p>Calandre chauffante avec tambour chauff\u00e9 \u00e0 l'huile con\u00e7ue pour le transfert thermique du papier sublim\u00e9 au tissu<\/p>","protected":false},"featured_media":565,"comment_status":"open","ping_status":"closed","template":"","meta":{"site-sidebar-layout":"default","site-content-layout":"default","ast-site-content-layout":"","site-content-style":"default","site-sidebar-style":"default","ast-global-header-display":"","ast-banner-title-visibility":"","ast-main-header-display":"","ast-hfb-above-header-display":"","ast-hfb-below-header-display":"","ast-hfb-mobile-header-display":"","site-post-title":"","ast-breadcrumbs-content":"","ast-featured-img":"","footer-sml-layout":"","theme-transparent-header-meta":"default","adv-header-id-meta":"","stick-header-meta":"","header-above-stick-meta":"","header-main-stick-meta":"","header-below-stick-meta":"","astra-migrate-meta-layouts":"default","ast-page-background-enabled":"default","ast-page-background-meta":{"desktop":{"background-color":"var(--ast-global-color-4)","background-image":"","background-repeat":"repeat","background-position":"center center","background-size":"auto","background-attachment":"scroll","background-type":"","background-media":"","overlay-type":"","overlay-color":"","overlay-gradient":""},"tablet":{"background-color":"","background-image":"","background-repeat":"repeat","background-position":"center center","background-size":"auto","background-attachment":"scroll","background-type":"","background-media":"","overlay-type":"","overlay-color":"","overlay-gradient":""},"mobile":{"background-color":"","background-image":"","background-repeat":"repeat","background-position":"center center","background-size":"auto","background-attachment":"scroll","background-type":"","background-media":"","overlay-type":"","overlay-color":"","overlay-gradient":""}},"ast-content-background-meta":{"desktop":{"background-color":"var(--ast-global-color-5)","background-image":"","background-repeat":"repeat","background-position":"center center","background-size":"auto","background-attachment":"scroll","background-type":"","background-media":"","overlay-type":"","overlay-color":"","overlay-gradient":""},"tablet":{"background-color":"var(--ast-global-color-5)","background-image":"","background-repeat":"repeat","background-position":"center center","background-size":"auto","background-attachment":"scroll","background-type":"","background-media":"","overlay-type":"","overlay-color":"","overlay-gradient":""},"mobile":{"background-color":"var(--ast-global-color-5)","background-image":"","background-repeat":"repeat","background-position":"center center","background-size":"auto","background-attachment":"scroll","background-type":"","background-media":"","overlay-type":"","overlay-color":"","overlay-gradient":""}}},"product_cat":[17],"product_tag":[],"class_list":{"0":"post-71","1":"product","2":"type-product","3":"status-publish","4":"has-post-thumbnail","6":"product_cat-roll-press-calenders","7":"desktop-align-left","8":"tablet-align-left","9":"mobile-align-left","11":"first","12":"instock","13":"shipping-taxable","14":"product-type-simple"},"yoast_head":"<!-- This site is optimized with the Yoast SEO plugin v22.2 - https:\/\/yoast.com\/wordpress\/plugins\/seo\/ -->\r\n<title>Sublimax 170T - Angitex<\/title>\r\n<meta name=\"robots\" content=\"index, follow, max-snippet:-1, max-image-preview:large, max-video-preview:-1\" \/>\r\n<link rel=\"canonical\" href=\"https:\/\/angitex.com\/fr\/product\/sublimax-170t\/\" \/>\r\n<meta property=\"og:locale\" content=\"fr_FR\" \/>\r\n<meta property=\"og:type\" content=\"article\" \/>\r\n<meta property=\"og:title\" content=\"Sublimax 170T - Angitex\" \/>\r\n<meta property=\"og:description\" content=\"Heat calender with oil heated drum designed for the thermic transfer from sublimated paper to fabric\" \/>\r\n<meta property=\"og:url\" content=\"https:\/\/angitex.com\/fr\/product\/sublimax-170t\/\" \/>\r\n<meta property=\"og:site_name\" content=\"Angitex\" \/>\r\n<meta property=\"article:modified_time\" content=\"2022-07-07T14:59:57+00:00\" \/>\r\n<meta property=\"og:image\" content=\"https:\/\/angitex.com\/wp-content\/uploads\/2022\/05\/sublimax.png\" \/>\r\n\t<meta property=\"og:image:width\" content=\"1600\" \/>\r\n\t<meta property=\"og:image:height\" content=\"1080\" \/>\r\n\t<meta property=\"og:image:type\" content=\"image\/png\" \/>\r\n<meta name=\"twitter:card\" content=\"summary_large_image\" \/>\r\n<meta name=\"twitter:label1\" content=\"Est. reading time\" \/>\n\t<meta name=\"twitter:data1\" content=\"2 minutes\" \/>\r\n<script type=\"application\/ld+json\" class=\"yoast-schema-graph\">{\"@context\":\"https:\/\/schema.org\",\"@graph\":[{\"@type\":\"WebPage\",\"@id\":\"https:\/\/angitex.com\/product\/sublimax-170t\/\",\"url\":\"https:\/\/angitex.com\/product\/sublimax-170t\/\",\"name\":\"Sublimax 170T - Angitex\",\"isPartOf\":{\"@id\":\"https:\/\/angitex.com\/#website\"},\"primaryImageOfPage\":{\"@id\":\"https:\/\/angitex.com\/product\/sublimax-170t\/#primaryimage\"},\"image\":{\"@id\":\"https:\/\/angitex.com\/product\/sublimax-170t\/#primaryimage\"},\"thumbnailUrl\":\"https:\/\/angitex.com\/wp-content\/uploads\/2022\/05\/sublimax.png\",\"datePublished\":\"2022-05-31T09:14:25+00:00\",\"dateModified\":\"2022-07-07T14:59:57+00:00\",\"breadcrumb\":{\"@id\":\"https:\/\/angitex.com\/product\/sublimax-170t\/#breadcrumb\"},\"inLanguage\":\"fr-FR\",\"potentialAction\":[{\"@type\":\"ReadAction\",\"target\":[\"https:\/\/angitex.com\/product\/sublimax-170t\/\"]}]},{\"@type\":\"ImageObject\",\"inLanguage\":\"fr-FR\",\"@id\":\"https:\/\/angitex.com\/product\/sublimax-170t\/#primaryimage\",\"url\":\"https:\/\/angitex.com\/wp-content\/uploads\/2022\/05\/sublimax.png\",\"contentUrl\":\"https:\/\/angitex.com\/wp-content\/uploads\/2022\/05\/sublimax.png\",\"width\":1600,\"height\":1080},{\"@type\":\"BreadcrumbList\",\"@id\":\"https:\/\/angitex.com\/product\/sublimax-170t\/#breadcrumb\",\"itemListElement\":[{\"@type\":\"ListItem\",\"position\":1,\"name\":\"Products\",\"item\":\"https:\/\/angitex.com\/shop\/\"},{\"@type\":\"ListItem\",\"position\":2,\"name\":\"Sublimax 170T\"}]},{\"@type\":\"WebSite\",\"@id\":\"https:\/\/angitex.com\/#website\",\"url\":\"https:\/\/angitex.com\/\",\"name\":\"Angitex\",\"description\":\"Your partner for large printing products\",\"publisher\":{\"@id\":\"https:\/\/angitex.com\/#organization\"},\"potentialAction\":[{\"@type\":\"SearchAction\",\"target\":{\"@type\":\"EntryPoint\",\"urlTemplate\":\"https:\/\/angitex.com\/?s={search_term_string}\"},\"query-input\":\"required name=search_term_string\"}],\"inLanguage\":\"fr-FR\"},{\"@type\":\"Organization\",\"@id\":\"https:\/\/angitex.com\/#organization\",\"name\":\"Angitex\",\"url\":\"https:\/\/angitex.com\/\",\"logo\":{\"@type\":\"ImageObject\",\"inLanguage\":\"fr-FR\",\"@id\":\"https:\/\/angitex.com\/#\/schema\/logo\/image\/\",\"url\":\"https:\/\/angitex.com\/wp-content\/uploads\/2022\/05\/Angitex-2.png\",\"contentUrl\":\"https:\/\/angitex.com\/wp-content\/uploads\/2022\/05\/Angitex-2.png\",\"width\":1386,\"height\":521,\"caption\":\"Angitex\"},\"image\":{\"@id\":\"https:\/\/angitex.com\/#\/schema\/logo\/image\/\"}}]}<\/script>\r\n<!-- \/ Yoast SEO plugin. -->","yoast_head_json":{"title":"Sublimax 170T - Angitex","robots":{"index":"index","follow":"follow","max-snippet":"max-snippet:-1","max-image-preview":"max-image-preview:large","max-video-preview":"max-video-preview:-1"},"canonical":"https:\/\/angitex.com\/fr\/product\/sublimax-170t\/","og_locale":"fr_FR","og_type":"article","og_title":"Sublimax 170T - Angitex","og_description":"Heat calender with oil heated drum designed for the thermic transfer from sublimated paper to fabric","og_url":"https:\/\/angitex.com\/fr\/product\/sublimax-170t\/","og_site_name":"Angitex","article_modified_time":"2022-07-07T14:59:57+00:00","og_image":[{"width":1600,"height":1080,"url":"https:\/\/angitex.com\/wp-content\/uploads\/2022\/05\/sublimax.png","type":"image\/png"}],"twitter_card":"summary_large_image","twitter_misc":{"Est. reading time":"2 minutes"},"schema":{"@context":"https:\/\/schema.org","@graph":[{"@type":"WebPage","@id":"https:\/\/angitex.com\/product\/sublimax-170t\/","url":"https:\/\/angitex.com\/product\/sublimax-170t\/","name":"Sublimax 170T - Angitex","isPartOf":{"@id":"https:\/\/angitex.com\/#website"},"primaryImageOfPage":{"@id":"https:\/\/angitex.com\/product\/sublimax-170t\/#primaryimage"},"image":{"@id":"https:\/\/angitex.com\/product\/sublimax-170t\/#primaryimage"},"thumbnailUrl":"https:\/\/angitex.com\/wp-content\/uploads\/2022\/05\/sublimax.png","datePublished":"2022-05-31T09:14:25+00:00","dateModified":"2022-07-07T14:59:57+00:00","breadcrumb":{"@id":"https:\/\/angitex.com\/product\/sublimax-170t\/#breadcrumb"},"inLanguage":"fr-FR","potentialAction":[{"@type":"ReadAction","target":["https:\/\/angitex.com\/product\/sublimax-170t\/"]}]},{"@type":"ImageObject","inLanguage":"fr-FR","@id":"https:\/\/angitex.com\/product\/sublimax-170t\/#primaryimage","url":"https:\/\/angitex.com\/wp-content\/uploads\/2022\/05\/sublimax.png","contentUrl":"https:\/\/angitex.com\/wp-content\/uploads\/2022\/05\/sublimax.png","width":1600,"height":1080},{"@type":"BreadcrumbList","@id":"https:\/\/angitex.com\/product\/sublimax-170t\/#breadcrumb","itemListElement":[{"@type":"ListItem","position":1,"name":"Products","item":"https:\/\/angitex.com\/shop\/"},{"@type":"ListItem","position":2,"name":"Sublimax 170T"}]},{"@type":"WebSite","@id":"https:\/\/angitex.com\/#website","url":"https:\/\/angitex.com\/","name":"Angitex","description":"Your partner for large printing products","publisher":{"@id":"https:\/\/angitex.com\/#organization"},"potentialAction":[{"@type":"SearchAction","target":{"@type":"EntryPoint","urlTemplate":"https:\/\/angitex.com\/?s={search_term_string}"},"query-input":"required name=search_term_string"}],"inLanguage":"fr-FR"},{"@type":"Organization","@id":"https:\/\/angitex.com\/#organization","name":"Angitex","url":"https:\/\/angitex.com\/","logo":{"@type":"ImageObject","inLanguage":"fr-FR","@id":"https:\/\/angitex.com\/#\/schema\/logo\/image\/","url":"https:\/\/angitex.com\/wp-content\/uploads\/2022\/05\/Angitex-2.png","contentUrl":"https:\/\/angitex.com\/wp-content\/uploads\/2022\/05\/Angitex-2.png","width":1386,"height":521,"caption":"Angitex"},"image":{"@id":"https:\/\/angitex.com\/#\/schema\/logo\/image\/"}}]}},"_links":{"self":[{"href":"https:\/\/angitex.com\/fr\/wp-json\/wp\/v2\/product\/71","targetHints":{"allow":["GET"]}}],"collection":[{"href":"https:\/\/angitex.com\/fr\/wp-json\/wp\/v2\/product"}],"about":[{"href":"https:\/\/angitex.com\/fr\/wp-json\/wp\/v2\/types\/product"}],"replies":[{"embeddable":true,"href":"https:\/\/angitex.com\/fr\/wp-json\/wp\/v2\/comments?post=71"}],"wp:featuredmedia":[{"embeddable":true,"href":"https:\/\/angitex.com\/fr\/wp-json\/wp\/v2\/media\/565"}],"wp:attachment":[{"href":"https:\/\/angitex.com\/fr\/wp-json\/wp\/v2\/media?parent=71"}],"wp:term":[{"taxonomy":"product_cat","embeddable":true,"href":"https:\/\/angitex.com\/fr\/wp-json\/wp\/v2\/product_cat?post=71"},{"taxonomy":"product_tag","embeddable":true,"href":"https:\/\/angitex.com\/fr\/wp-json\/wp\/v2\/product_tag?post=71"}],"curies":[{"name":"wp","href":"https:\/\/api.w.org\/{rel}","templated":true}]}}