{"id":719,"date":"2022-06-20T13:37:24","date_gmt":"2022-06-20T13:37:24","guid":{"rendered":"https:\/\/angitex.com\/?post_type=product&#038;p=719"},"modified":"2023-05-03T20:59:49","modified_gmt":"2023-05-03T20:59:49","slug":"dtf-ink","status":"publish","type":"product","link":"https:\/\/angitex.com\/fr\/product\/dtf-ink\/","title":{"rendered":"Encre DTF"},"content":{"rendered":"<div class=\"w-full border-b border-black\/10 dark:border-gray-900\/50 text-gray-800 dark:text-gray-100 group bg-gray-50 dark:bg-[#444654]\">\n<div class=\"text-base gap-4 md:gap-6 m-auto md:max-w-2xl lg:max-w-2xl xl:max-w-3xl p-4 md:py-6 flex lg:px-0\">\n<div class=\"relative flex w-[calc(100%-50px)] md:flex-col lg:w-[calc(100%-115px)]\">\n<div class=\"flex flex-grow flex-col gap-3\">\n<div class=\"min-h-[20px] flex flex-col items-start gap-4 whitespace-pre-wrap\">\n<div class=\"markdown prose w-full break-words dark:prose-invert dark\">\n<p>The DTF (Direct-To-Film) ink is the ultimate choice for high-quality and precise printing. This ink is specifically formulated to work seamlessly with Direct-To-Film printing technology, allowing you to create vibrant, sharp, and long-lasting images on film media.<\/p>\n<p>The DTF ink is available in the traditional CMYK + White colors, making it perfect for a variety of printing application.<\/p>\n<p>This ink ensures your prints remain vibrant and sharp, making it ideal for outdoor or high-traffic environments. The DTF ink is also eco-friendly and non-toxic, making it safe for use in any commercial or industrial setting.<\/p>\n<p>Upgrade your printing capabilities with the Direct-To-Film ink, the ultimate choice for professional quality results.<\/p>\n<\/div>\n<\/div>\n<\/div>\n<div class=\"text-gray-400 flex self-end lg:self-center justify-center mt-2 gap-4 lg:gap-1 lg:absolute lg:top-0 lg:translate-x-full lg:right-0 lg:mt-0 lg:pl-2 visible\"><\/div>\n<\/div>\n<\/div>\n<\/div>","protected":false},"excerpt":{"rendered":"<p>L'encre DTF (Direct-To-Film) est le choix ultime pour une impression pr\u00e9cise et de haute qualit\u00e9. Cette encre est sp\u00e9cialement formul\u00e9e pour fonctionner de mani\u00e8re transparente avec la technologie d'impression Direct-To-Film.<\/p>","protected":false},"featured_media":721,"comment_status":"open","ping_status":"closed","template":"","meta":{"site-sidebar-layout":"default","site-content-layout":"default","ast-site-content-layout":"","site-content-style":"default","site-sidebar-style":"default","ast-global-header-display":"","ast-banner-title-visibility":"","ast-main-header-display":"","ast-hfb-above-header-display":"","ast-hfb-below-header-display":"","ast-hfb-mobile-header-display":"","site-post-title":"","ast-breadcrumbs-content":"","ast-featured-img":"","footer-sml-layout":"","theme-transparent-header-meta":"default","adv-header-id-meta":"","stick-header-meta":"","header-above-stick-meta":"","header-main-stick-meta":"","header-below-stick-meta":"","astra-migrate-meta-layouts":"default","ast-page-background-enabled":"default","ast-page-background-meta":{"desktop":{"background-color":"var(--ast-global-color-4)","background-image":"","background-repeat":"repeat","background-position":"center center","background-size":"auto","background-attachment":"scroll","background-type":"","background-media":"","overlay-type":"","overlay-color":"","overlay-gradient":""},"tablet":{"background-color":"","background-image":"","background-repeat":"repeat","background-position":"center center","background-size":"auto","background-attachment":"scroll","background-type":"","background-media":"","overlay-type":"","overlay-color":"","overlay-gradient":""},"mobile":{"background-color":"","background-image":"","background-repeat":"repeat","background-position":"center center","background-size":"auto","background-attachment":"scroll","background-type":"","background-media":"","overlay-type":"","overlay-color":"","overlay-gradient":""}},"ast-content-background-meta":{"desktop":{"background-color":"var(--ast-global-color-5)","background-image":"","background-repeat":"repeat","background-position":"center center","background-size":"auto","background-attachment":"scroll","background-type":"","background-media":"","overlay-type":"","overlay-color":"","overlay-gradient":""},"tablet":{"background-color":"var(--ast-global-color-5)","background-image":"","background-repeat":"repeat","background-position":"center center","background-size":"auto","background-attachment":"scroll","background-type":"","background-media":"","overlay-type":"","overlay-color":"","overlay-gradient":""},"mobile":{"background-color":"var(--ast-global-color-5)","background-image":"","background-repeat":"repeat","background-position":"center center","background-size":"auto","background-attachment":"scroll","background-type":"","background-media":"","overlay-type":"","overlay-color":"","overlay-gradient":""}}},"product_cat":[53],"product_tag":[],"class_list":{"0":"post-719","1":"product","2":"type-product","3":"status-publish","4":"has-post-thumbnail","6":"product_cat-dtf-consumables","7":"desktop-align-left","8":"tablet-align-left","9":"mobile-align-left","11":"first","12":"instock","13":"shipping-taxable","14":"product-type-simple"},"yoast_head":"<!-- This site is optimized with the Yoast SEO plugin v22.2 - https:\/\/yoast.com\/wordpress\/plugins\/seo\/ -->\r\n<title>DTF Ink - Angitex<\/title>\r\n<meta name=\"robots\" content=\"index, follow, max-snippet:-1, max-image-preview:large, max-video-preview:-1\" \/>\r\n<link rel=\"canonical\" href=\"https:\/\/angitex.com\/fr\/product\/dtf-ink\/\" \/>\r\n<meta property=\"og:locale\" content=\"fr_FR\" \/>\r\n<meta property=\"og:type\" content=\"article\" \/>\r\n<meta property=\"og:title\" content=\"DTF Ink - Angitex\" \/>\r\n<meta property=\"og:description\" content=\"The DTF (Direct-To-Film) ink is the ultimate choice for high-quality and precise printing. This ink is specifically formulated to work seamlessly with Direct-To-Film printing technology.\" \/>\r\n<meta property=\"og:url\" content=\"https:\/\/angitex.com\/fr\/product\/dtf-ink\/\" \/>\r\n<meta property=\"og:site_name\" content=\"Angitex\" \/>\r\n<meta property=\"article:modified_time\" content=\"2023-05-03T20:59:49+00:00\" \/>\r\n<meta property=\"og:image\" content=\"https:\/\/angitex.com\/wp-content\/uploads\/2022\/06\/tinta-dtf.jpg\" \/>\r\n\t<meta property=\"og:image:width\" content=\"1600\" \/>\r\n\t<meta property=\"og:image:height\" content=\"1080\" \/>\r\n\t<meta property=\"og:image:type\" content=\"image\/jpeg\" \/>\r\n<meta name=\"twitter:card\" content=\"summary_large_image\" \/>\r\n<meta name=\"twitter:label1\" content=\"Est. reading time\" \/>\n\t<meta name=\"twitter:data1\" content=\"1 minute\" \/>\r\n<script type=\"application\/ld+json\" class=\"yoast-schema-graph\">{\"@context\":\"https:\/\/schema.org\",\"@graph\":[{\"@type\":\"WebPage\",\"@id\":\"https:\/\/angitex.com\/product\/dtf-ink\/\",\"url\":\"https:\/\/angitex.com\/product\/dtf-ink\/\",\"name\":\"DTF Ink - Angitex\",\"isPartOf\":{\"@id\":\"https:\/\/angitex.com\/#website\"},\"primaryImageOfPage\":{\"@id\":\"https:\/\/angitex.com\/product\/dtf-ink\/#primaryimage\"},\"image\":{\"@id\":\"https:\/\/angitex.com\/product\/dtf-ink\/#primaryimage\"},\"thumbnailUrl\":\"https:\/\/angitex.com\/wp-content\/uploads\/2022\/06\/tinta-dtf.jpg\",\"datePublished\":\"2022-06-20T13:37:24+00:00\",\"dateModified\":\"2023-05-03T20:59:49+00:00\",\"breadcrumb\":{\"@id\":\"https:\/\/angitex.com\/product\/dtf-ink\/#breadcrumb\"},\"inLanguage\":\"fr-FR\",\"potentialAction\":[{\"@type\":\"ReadAction\",\"target\":[\"https:\/\/angitex.com\/product\/dtf-ink\/\"]}]},{\"@type\":\"ImageObject\",\"inLanguage\":\"fr-FR\",\"@id\":\"https:\/\/angitex.com\/product\/dtf-ink\/#primaryimage\",\"url\":\"https:\/\/angitex.com\/wp-content\/uploads\/2022\/06\/tinta-dtf.jpg\",\"contentUrl\":\"https:\/\/angitex.com\/wp-content\/uploads\/2022\/06\/tinta-dtf.jpg\",\"width\":1600,\"height\":1080},{\"@type\":\"BreadcrumbList\",\"@id\":\"https:\/\/angitex.com\/product\/dtf-ink\/#breadcrumb\",\"itemListElement\":[{\"@type\":\"ListItem\",\"position\":1,\"name\":\"Products\",\"item\":\"https:\/\/angitex.com\/shop\/\"},{\"@type\":\"ListItem\",\"position\":2,\"name\":\"DTF Ink\"}]},{\"@type\":\"WebSite\",\"@id\":\"https:\/\/angitex.com\/#website\",\"url\":\"https:\/\/angitex.com\/\",\"name\":\"Angitex\",\"description\":\"Your partner for large printing products\",\"publisher\":{\"@id\":\"https:\/\/angitex.com\/#organization\"},\"potentialAction\":[{\"@type\":\"SearchAction\",\"target\":{\"@type\":\"EntryPoint\",\"urlTemplate\":\"https:\/\/angitex.com\/?s={search_term_string}\"},\"query-input\":\"required name=search_term_string\"}],\"inLanguage\":\"fr-FR\"},{\"@type\":\"Organization\",\"@id\":\"https:\/\/angitex.com\/#organization\",\"name\":\"Angitex\",\"url\":\"https:\/\/angitex.com\/\",\"logo\":{\"@type\":\"ImageObject\",\"inLanguage\":\"fr-FR\",\"@id\":\"https:\/\/angitex.com\/#\/schema\/logo\/image\/\",\"url\":\"https:\/\/angitex.com\/wp-content\/uploads\/2022\/05\/Angitex-2.png\",\"contentUrl\":\"https:\/\/angitex.com\/wp-content\/uploads\/2022\/05\/Angitex-2.png\",\"width\":1386,\"height\":521,\"caption\":\"Angitex\"},\"image\":{\"@id\":\"https:\/\/angitex.com\/#\/schema\/logo\/image\/\"}}]}<\/script>\r\n<!-- \/ Yoast SEO plugin. -->","yoast_head_json":{"title":"DTF Ink - Angitex","robots":{"index":"index","follow":"follow","max-snippet":"max-snippet:-1","max-image-preview":"max-image-preview:large","max-video-preview":"max-video-preview:-1"},"canonical":"https:\/\/angitex.com\/fr\/product\/dtf-ink\/","og_locale":"fr_FR","og_type":"article","og_title":"DTF Ink - Angitex","og_description":"The DTF (Direct-To-Film) ink is the ultimate choice for high-quality and precise printing. This ink is specifically formulated to work seamlessly with Direct-To-Film printing technology.","og_url":"https:\/\/angitex.com\/fr\/product\/dtf-ink\/","og_site_name":"Angitex","article_modified_time":"2023-05-03T20:59:49+00:00","og_image":[{"width":1600,"height":1080,"url":"https:\/\/angitex.com\/wp-content\/uploads\/2022\/06\/tinta-dtf.jpg","type":"image\/jpeg"}],"twitter_card":"summary_large_image","twitter_misc":{"Est. reading time":"1 minute"},"schema":{"@context":"https:\/\/schema.org","@graph":[{"@type":"WebPage","@id":"https:\/\/angitex.com\/product\/dtf-ink\/","url":"https:\/\/angitex.com\/product\/dtf-ink\/","name":"DTF Ink - Angitex","isPartOf":{"@id":"https:\/\/angitex.com\/#website"},"primaryImageOfPage":{"@id":"https:\/\/angitex.com\/product\/dtf-ink\/#primaryimage"},"image":{"@id":"https:\/\/angitex.com\/product\/dtf-ink\/#primaryimage"},"thumbnailUrl":"https:\/\/angitex.com\/wp-content\/uploads\/2022\/06\/tinta-dtf.jpg","datePublished":"2022-06-20T13:37:24+00:00","dateModified":"2023-05-03T20:59:49+00:00","breadcrumb":{"@id":"https:\/\/angitex.com\/product\/dtf-ink\/#breadcrumb"},"inLanguage":"fr-FR","potentialAction":[{"@type":"ReadAction","target":["https:\/\/angitex.com\/product\/dtf-ink\/"]}]},{"@type":"ImageObject","inLanguage":"fr-FR","@id":"https:\/\/angitex.com\/product\/dtf-ink\/#primaryimage","url":"https:\/\/angitex.com\/wp-content\/uploads\/2022\/06\/tinta-dtf.jpg","contentUrl":"https:\/\/angitex.com\/wp-content\/uploads\/2022\/06\/tinta-dtf.jpg","width":1600,"height":1080},{"@type":"BreadcrumbList","@id":"https:\/\/angitex.com\/product\/dtf-ink\/#breadcrumb","itemListElement":[{"@type":"ListItem","position":1,"name":"Products","item":"https:\/\/angitex.com\/shop\/"},{"@type":"ListItem","position":2,"name":"DTF Ink"}]},{"@type":"WebSite","@id":"https:\/\/angitex.com\/#website","url":"https:\/\/angitex.com\/","name":"Angitex","description":"Your partner for large printing products","publisher":{"@id":"https:\/\/angitex.com\/#organization"},"potentialAction":[{"@type":"SearchAction","target":{"@type":"EntryPoint","urlTemplate":"https:\/\/angitex.com\/?s={search_term_string}"},"query-input":"required name=search_term_string"}],"inLanguage":"fr-FR"},{"@type":"Organization","@id":"https:\/\/angitex.com\/#organization","name":"Angitex","url":"https:\/\/angitex.com\/","logo":{"@type":"ImageObject","inLanguage":"fr-FR","@id":"https:\/\/angitex.com\/#\/schema\/logo\/image\/","url":"https:\/\/angitex.com\/wp-content\/uploads\/2022\/05\/Angitex-2.png","contentUrl":"https:\/\/angitex.com\/wp-content\/uploads\/2022\/05\/Angitex-2.png","width":1386,"height":521,"caption":"Angitex"},"image":{"@id":"https:\/\/angitex.com\/#\/schema\/logo\/image\/"}}]}},"_links":{"self":[{"href":"https:\/\/angitex.com\/fr\/wp-json\/wp\/v2\/product\/719","targetHints":{"allow":["GET"]}}],"collection":[{"href":"https:\/\/angitex.com\/fr\/wp-json\/wp\/v2\/product"}],"about":[{"href":"https:\/\/angitex.com\/fr\/wp-json\/wp\/v2\/types\/product"}],"replies":[{"embeddable":true,"href":"https:\/\/angitex.com\/fr\/wp-json\/wp\/v2\/comments?post=719"}],"wp:featuredmedia":[{"embeddable":true,"href":"https:\/\/angitex.com\/fr\/wp-json\/wp\/v2\/media\/721"}],"wp:attachment":[{"href":"https:\/\/angitex.com\/fr\/wp-json\/wp\/v2\/media?parent=719"}],"wp:term":[{"taxonomy":"product_cat","embeddable":true,"href":"https:\/\/angitex.com\/fr\/wp-json\/wp\/v2\/product_cat?post=719"},{"taxonomy":"product_tag","embeddable":true,"href":"https:\/\/angitex.com\/fr\/wp-json\/wp\/v2\/product_tag?post=719"}],"curies":[{"name":"wp","href":"https:\/\/api.w.org\/{rel}","templated":true}]}}