{"id":82,"date":"2022-05-31T09:14:27","date_gmt":"2022-05-31T09:14:27","guid":{"rendered":"https:\/\/angitex.com\/product\/roland-rf-640\/"},"modified":"2022-07-07T14:41:02","modified_gmt":"2022-07-07T14:41:02","slug":"roland-rf-640","status":"publish","type":"product","link":"https:\/\/angitex.com\/fr\/product\/roland-rf-640\/","title":{"rendered":"Roland RF-640"},"content":{"rendered":"<p><strong>Caract\u00e9ristiques<\/strong><\/p>\n<table width=\"567\">\n<tbody>\n<tr>\n<td colspan=\"2\" width=\"378\">TECHNOLOGIE D'IMPRESSION<\/td>\n<td width=\"189\">Jet d'encre pi\u00e9zo\u00e9lectrique<\/td>\n<\/tr>\n<tr>\n<td rowspan=\"5\" width=\"189\">MAT\u00c9RIEL<\/td>\n<td width=\"189\">LARGEUR<\/td>\n<td width=\"189\">259 to 1625 mm<\/td>\n<\/tr>\n<tr>\n<td width=\"189\">\u00c9PAISSEUR<\/td>\n<td width=\"189\">Max. 1,0 mm avec doublure<\/td>\n<\/tr>\n<tr>\n<td width=\"189\">DIAM\u00c8TRE EXT\u00c9RIEUR DU ROULEAU<\/td>\n<td width=\"189\">Max. 210 millim\u00e8tres<\/td>\n<\/tr>\n<tr>\n<td width=\"189\">POIDS DU ROULEAU<\/td>\n<td width=\"189\">Max. 40 kg<\/td>\n<\/tr>\n<tr>\n<td width=\"189\">DIAM\u00c8TRE DU NOYAU (*1)<\/td>\n<td width=\"189\">76,2 mm ou 50,8 mm (2 pouces)<\/td>\n<\/tr>\n<tr>\n<td colspan=\"2\" width=\"378\">LARGEUR D'IMPRESSION (*2)<\/td>\n<td width=\"189\">Max. 1.615 mm<\/td>\n<\/tr>\n<tr>\n<td rowspan=\"2\" width=\"189\">CARTOUCHES D'ENCRE<\/td>\n<td width=\"189\">LES TYPES<\/td>\n<td width=\"189\">Cartouche Roland ECO-SOL MAX 2 440cc<\/td>\n<\/tr>\n<tr>\n<td width=\"189\">COULEURS<\/td>\n<td width=\"189\">4 couleurs (cyan, magenta, jaune et noir)<\/td>\n<\/tr>\n<tr>\n<td colspan=\"2\" width=\"378\">R\u00c9SOLUTION D'IMPRESSION (points par pouce)<\/td>\n<td width=\"189\">Max. 1.440pp<\/td>\n<\/tr>\n<tr>\n<td colspan=\"2\" width=\"378\">PR\u00c9CISION DES DISTANCES (*3)<\/td>\n<td width=\"189\">Erreur inf\u00e9rieure \u00e0 \u00b1 0,3 % de la distance parcourue, ou \u00b1 0,3 mm, selon la valeur la plus \u00e9lev\u00e9e<\/td>\n<\/tr>\n<tr>\n<td colspan=\"2\" width=\"378\">SYST\u00c8ME DE CHAUFFAGE DU MAT\u00c9RIEL (*4)<\/td>\n<td width=\"189\">R\u00e9glage du chauffage\u00a0: plage de r\u00e9glage de la temp\u00e9rature pr\u00e9d\u00e9finie\u00a0: 30\u00a0\u00b0C \u00e0 45\u00a0\u00b0C (86\u00a0\u00b0F \u00e0 112\u00a0\u00b0F)<\/p>\n<p><strong>S\u00e9choir:<\/strong>\u00a0Plage de r\u00e9glage de la temp\u00e9rature pr\u00e9r\u00e9gl\u00e9e\u00a0: 30\u00a0\u00b0C \u00e0 50\u00a0\u00b0C (86\u00a0\u00b0F \u00e0 122\u00a0\u00b0F)<\/td>\n<\/tr>\n<tr>\n<td colspan=\"2\" width=\"378\">CONNECTIVIT\u00c9<\/td>\n<td width=\"189\">Ethernet (10BASE-T \/ 100BASE-TX, commutation automatique)<\/td>\n<\/tr>\n<tr>\n<td colspan=\"2\" width=\"378\">FONCTION D'\u00c9CONOMIE D'\u00c9NERGIE<\/td>\n<td width=\"189\">Mode de suspension automatique<\/td>\n<\/tr>\n<tr>\n<td colspan=\"2\" width=\"378\">EXIGENCES D'ALIMENTATION<\/td>\n<td width=\"189\">AC 100 to 120 V \u00b1 10%, 8.1A, 50\/60 Hz or AC 220 to 240 V \u00b1 10%, 4.1 A, 50\/60 Hz<\/td>\n<\/tr>\n<tr>\n<td colspan=\"2\" width=\"378\">CONSOMMATION D'\u00c9NERGIE<\/td>\n<td width=\"189\"><strong>Pendant le fonctionnement\u00a0:<\/strong>\u00a0Approx. 1,070 W<\/p>\n<p><strong>En mode veille\u00a0:<\/strong>\u00a0Approx. 31 W<\/td>\n<\/tr>\n<tr>\n<td colspan=\"2\" width=\"378\">NIVEAU DE BRUIT ACOUSTIQUE<\/td>\n<td width=\"189\"><strong>Pendant le fonctionnement\u00a0:<\/strong>\u00a062 dB (A)<\/p>\n<p><strong>En mode veille\u00a0:<\/strong>\u00a049 dB (A)<\/td>\n<\/tr>\n<tr>\n<td colspan=\"2\" width=\"378\">DIMENSIONS\/POIDS (avec support)<\/td>\n<td width=\"189\">2.575 (L) x 795 (P) x 1.270 mm (A) (101.4 (L) x 31.1 (P) x 50 (A)<\/td>\n<\/tr>\n<tr>\n<td rowspan=\"2\" width=\"189\">ENVIRONNEMENT<\/td>\n<td width=\"189\">ON<\/td>\n<td width=\"189\"><strong>Temp\u00e9rature:<\/strong> 15\u00b0C \u00e0 32\u00b0C (59\u00b0F \u00e0 90\u00b0F) (20\u00b0C [68\u00b0F] ou plus recommand\u00e9)<\/p>\n<p><strong>Humidit\u00e9:<\/strong>\u00a035 \u00e0 80 % HR (sans condensation)<\/td>\n<\/tr>\n<tr>\n<td width=\"189\">OFF<\/td>\n<td width=\"189\"><strong>Temp\u00e9rature:<\/strong> 5\u00b0C \u00e0 40\u00b0C (41\u00b0F \u00e0 104\u00b0F)<\/p>\n<p><strong>Humidit\u00e9:<\/strong>\u00a020 \u00e0 80 % HR (sans condensation)<\/td>\n<\/tr>\n<tr>\n<td colspan=\"2\" width=\"378\">ARTICLES INCLUS<\/td>\n<td width=\"189\">Support unique, cordon d'alimentation, lame, porte-lame, pinces \u00e0 mat\u00e9riau, support \u00e0 mat\u00e9riau, lame de rechange pour la lame de s\u00e9paration, manuel d'utilisation, etc.<\/td>\n<\/tr>\n<\/tbody>\n<\/table>","protected":false},"excerpt":{"rendered":"<p><strong>RF &#8211; 640<\/strong><\/p>\n<p><strong>Con\u00e7u pour la vitesse et la stabilit\u00e9<\/strong><\/p>\n<p>Dot\u00e9 de la technologie de contr\u00f4le d'impression la plus innovante, le RF-640 imprime jusqu'\u00e0 48,5 m2 \/ h. Un syst\u00e8me d'alimentation repens\u00e9 prend en charge \u00e0 la fois un volume \u00e9lev\u00e9 et une production \u00e0 grande vitesse et deux axes rigides maintiennent les rouleaux lourds en position pour une alimentation fiable et pr\u00e9cise des supports. Ces fonctionnalit\u00e9s avanc\u00e9es et d'autres conduisent \u00e0 des performances sup\u00e9rieures et \u00e0 une stabilit\u00e9 solide, m\u00eame \u00e0 des vitesses \u00e9lev\u00e9es.<\/p>\n<h6>* VersaArt RE-640<\/h6>","protected":false},"featured_media":556,"comment_status":"open","ping_status":"closed","template":"","meta":{"site-sidebar-layout":"default","site-content-layout":"default","ast-site-content-layout":"","site-content-style":"default","site-sidebar-style":"default","ast-global-header-display":"","ast-banner-title-visibility":"","ast-main-header-display":"","ast-hfb-above-header-display":"","ast-hfb-below-header-display":"","ast-hfb-mobile-header-display":"","site-post-title":"","ast-breadcrumbs-content":"","ast-featured-img":"","footer-sml-layout":"","theme-transparent-header-meta":"default","adv-header-id-meta":"","stick-header-meta":"","header-above-stick-meta":"","header-main-stick-meta":"","header-below-stick-meta":"","astra-migrate-meta-layouts":"default","ast-page-background-enabled":"default","ast-page-background-meta":{"desktop":{"background-color":"var(--ast-global-color-4)","background-image":"","background-repeat":"repeat","background-position":"center center","background-size":"auto","background-attachment":"scroll","background-type":"","background-media":"","overlay-type":"","overlay-color":"","overlay-gradient":""},"tablet":{"background-color":"","background-image":"","background-repeat":"repeat","background-position":"center center","background-size":"auto","background-attachment":"scroll","background-type":"","background-media":"","overlay-type":"","overlay-color":"","overlay-gradient":""},"mobile":{"background-color":"","background-image":"","background-repeat":"repeat","background-position":"center center","background-size":"auto","background-attachment":"scroll","background-type":"","background-media":"","overlay-type":"","overlay-color":"","overlay-gradient":""}},"ast-content-background-meta":{"desktop":{"background-color":"var(--ast-global-color-5)","background-image":"","background-repeat":"repeat","background-position":"center center","background-size":"auto","background-attachment":"scroll","background-type":"","background-media":"","overlay-type":"","overlay-color":"","overlay-gradient":""},"tablet":{"background-color":"var(--ast-global-color-5)","background-image":"","background-repeat":"repeat","background-position":"center center","background-size":"auto","background-attachment":"scroll","background-type":"","background-media":"","overlay-type":"","overlay-color":"","overlay-gradient":""},"mobile":{"background-color":"var(--ast-global-color-5)","background-image":"","background-repeat":"repeat","background-position":"center center","background-size":"auto","background-attachment":"scroll","background-type":"","background-media":"","overlay-type":"","overlay-color":"","overlay-gradient":""}}},"product_cat":[37,36],"product_tag":[],"class_list":{"0":"post-82","1":"product","2":"type-product","3":"status-publish","4":"has-post-thumbnail","6":"product_cat-dye-sublimation-printers","7":"product_cat-printers","8":"desktop-align-left","9":"tablet-align-left","10":"mobile-align-left","12":"first","13":"instock","14":"shipping-taxable","15":"product-type-simple"},"yoast_head":"<!-- This site is optimized with the Yoast SEO plugin v22.2 - https:\/\/yoast.com\/wordpress\/plugins\/seo\/ -->\r\n<title>Roland RF-640 - Angitex<\/title>\r\n<meta name=\"robots\" content=\"index, follow, max-snippet:-1, max-image-preview:large, max-video-preview:-1\" \/>\r\n<link rel=\"canonical\" href=\"https:\/\/angitex.com\/fr\/product\/roland-rf-640\/\" \/>\r\n<meta property=\"og:locale\" content=\"fr_FR\" \/>\r\n<meta property=\"og:type\" content=\"article\" \/>\r\n<meta property=\"og:title\" content=\"Roland RF-640 - Angitex\" \/>\r\n<meta property=\"og:description\" content=\"RF - 640  Built for speed and stability  With the most innovative print control technology, the RF-640 prints up to 48.5m2 \/ h. A redesigned feed system supports both high volume and high speed production and two rigid axles hold the heavy rollers in position for reliable and accurate media feed. These and other advanced features lead to superior performance and solid stability, even at high speeds. * VersaArt RE-640\" \/>\r\n<meta property=\"og:url\" content=\"https:\/\/angitex.com\/fr\/product\/roland-rf-640\/\" \/>\r\n<meta property=\"og:site_name\" content=\"Angitex\" \/>\r\n<meta property=\"article:modified_time\" content=\"2022-07-07T14:41:02+00:00\" \/>\r\n<meta property=\"og:image\" content=\"https:\/\/angitex.com\/wp-content\/uploads\/2022\/05\/RF-640.jpg\" \/>\r\n\t<meta property=\"og:image:width\" content=\"1600\" \/>\r\n\t<meta property=\"og:image:height\" content=\"1080\" \/>\r\n\t<meta property=\"og:image:type\" content=\"image\/jpeg\" \/>\r\n<meta name=\"twitter:card\" content=\"summary_large_image\" \/>\r\n<meta name=\"twitter:label1\" content=\"Est. reading time\" \/>\n\t<meta name=\"twitter:data1\" content=\"1 minute\" \/>\r\n<script type=\"application\/ld+json\" class=\"yoast-schema-graph\">{\"@context\":\"https:\/\/schema.org\",\"@graph\":[{\"@type\":\"WebPage\",\"@id\":\"https:\/\/angitex.com\/product\/roland-rf-640\/\",\"url\":\"https:\/\/angitex.com\/product\/roland-rf-640\/\",\"name\":\"Roland RF-640 - Angitex\",\"isPartOf\":{\"@id\":\"https:\/\/angitex.com\/#website\"},\"primaryImageOfPage\":{\"@id\":\"https:\/\/angitex.com\/product\/roland-rf-640\/#primaryimage\"},\"image\":{\"@id\":\"https:\/\/angitex.com\/product\/roland-rf-640\/#primaryimage\"},\"thumbnailUrl\":\"https:\/\/angitex.com\/wp-content\/uploads\/2022\/05\/RF-640.jpg\",\"datePublished\":\"2022-05-31T09:14:27+00:00\",\"dateModified\":\"2022-07-07T14:41:02+00:00\",\"breadcrumb\":{\"@id\":\"https:\/\/angitex.com\/product\/roland-rf-640\/#breadcrumb\"},\"inLanguage\":\"fr-FR\",\"potentialAction\":[{\"@type\":\"ReadAction\",\"target\":[\"https:\/\/angitex.com\/product\/roland-rf-640\/\"]}]},{\"@type\":\"ImageObject\",\"inLanguage\":\"fr-FR\",\"@id\":\"https:\/\/angitex.com\/product\/roland-rf-640\/#primaryimage\",\"url\":\"https:\/\/angitex.com\/wp-content\/uploads\/2022\/05\/RF-640.jpg\",\"contentUrl\":\"https:\/\/angitex.com\/wp-content\/uploads\/2022\/05\/RF-640.jpg\",\"width\":1600,\"height\":1080},{\"@type\":\"BreadcrumbList\",\"@id\":\"https:\/\/angitex.com\/product\/roland-rf-640\/#breadcrumb\",\"itemListElement\":[{\"@type\":\"ListItem\",\"position\":1,\"name\":\"Products\",\"item\":\"https:\/\/angitex.com\/shop\/\"},{\"@type\":\"ListItem\",\"position\":2,\"name\":\"Roland RF-640\"}]},{\"@type\":\"WebSite\",\"@id\":\"https:\/\/angitex.com\/#website\",\"url\":\"https:\/\/angitex.com\/\",\"name\":\"Angitex\",\"description\":\"Your partner for large printing products\",\"publisher\":{\"@id\":\"https:\/\/angitex.com\/#organization\"},\"potentialAction\":[{\"@type\":\"SearchAction\",\"target\":{\"@type\":\"EntryPoint\",\"urlTemplate\":\"https:\/\/angitex.com\/?s={search_term_string}\"},\"query-input\":\"required name=search_term_string\"}],\"inLanguage\":\"fr-FR\"},{\"@type\":\"Organization\",\"@id\":\"https:\/\/angitex.com\/#organization\",\"name\":\"Angitex\",\"url\":\"https:\/\/angitex.com\/\",\"logo\":{\"@type\":\"ImageObject\",\"inLanguage\":\"fr-FR\",\"@id\":\"https:\/\/angitex.com\/#\/schema\/logo\/image\/\",\"url\":\"https:\/\/angitex.com\/wp-content\/uploads\/2022\/05\/Angitex-2.png\",\"contentUrl\":\"https:\/\/angitex.com\/wp-content\/uploads\/2022\/05\/Angitex-2.png\",\"width\":1386,\"height\":521,\"caption\":\"Angitex\"},\"image\":{\"@id\":\"https:\/\/angitex.com\/#\/schema\/logo\/image\/\"}}]}<\/script>\r\n<!-- \/ Yoast SEO plugin. -->","yoast_head_json":{"title":"Roland RF-640 - Angitex","robots":{"index":"index","follow":"follow","max-snippet":"max-snippet:-1","max-image-preview":"max-image-preview:large","max-video-preview":"max-video-preview:-1"},"canonical":"https:\/\/angitex.com\/fr\/product\/roland-rf-640\/","og_locale":"fr_FR","og_type":"article","og_title":"Roland RF-640 - Angitex","og_description":"RF - 640  Built for speed and stability  With the most innovative print control technology, the RF-640 prints up to 48.5m2 \/ h. A redesigned feed system supports both high volume and high speed production and two rigid axles hold the heavy rollers in position for reliable and accurate media feed. These and other advanced features lead to superior performance and solid stability, even at high speeds. * VersaArt RE-640","og_url":"https:\/\/angitex.com\/fr\/product\/roland-rf-640\/","og_site_name":"Angitex","article_modified_time":"2022-07-07T14:41:02+00:00","og_image":[{"width":1600,"height":1080,"url":"https:\/\/angitex.com\/wp-content\/uploads\/2022\/05\/RF-640.jpg","type":"image\/jpeg"}],"twitter_card":"summary_large_image","twitter_misc":{"Est. reading time":"1 minute"},"schema":{"@context":"https:\/\/schema.org","@graph":[{"@type":"WebPage","@id":"https:\/\/angitex.com\/product\/roland-rf-640\/","url":"https:\/\/angitex.com\/product\/roland-rf-640\/","name":"Roland RF-640 - Angitex","isPartOf":{"@id":"https:\/\/angitex.com\/#website"},"primaryImageOfPage":{"@id":"https:\/\/angitex.com\/product\/roland-rf-640\/#primaryimage"},"image":{"@id":"https:\/\/angitex.com\/product\/roland-rf-640\/#primaryimage"},"thumbnailUrl":"https:\/\/angitex.com\/wp-content\/uploads\/2022\/05\/RF-640.jpg","datePublished":"2022-05-31T09:14:27+00:00","dateModified":"2022-07-07T14:41:02+00:00","breadcrumb":{"@id":"https:\/\/angitex.com\/product\/roland-rf-640\/#breadcrumb"},"inLanguage":"fr-FR","potentialAction":[{"@type":"ReadAction","target":["https:\/\/angitex.com\/product\/roland-rf-640\/"]}]},{"@type":"ImageObject","inLanguage":"fr-FR","@id":"https:\/\/angitex.com\/product\/roland-rf-640\/#primaryimage","url":"https:\/\/angitex.com\/wp-content\/uploads\/2022\/05\/RF-640.jpg","contentUrl":"https:\/\/angitex.com\/wp-content\/uploads\/2022\/05\/RF-640.jpg","width":1600,"height":1080},{"@type":"BreadcrumbList","@id":"https:\/\/angitex.com\/product\/roland-rf-640\/#breadcrumb","itemListElement":[{"@type":"ListItem","position":1,"name":"Products","item":"https:\/\/angitex.com\/shop\/"},{"@type":"ListItem","position":2,"name":"Roland RF-640"}]},{"@type":"WebSite","@id":"https:\/\/angitex.com\/#website","url":"https:\/\/angitex.com\/","name":"Angitex","description":"Your partner for large printing products","publisher":{"@id":"https:\/\/angitex.com\/#organization"},"potentialAction":[{"@type":"SearchAction","target":{"@type":"EntryPoint","urlTemplate":"https:\/\/angitex.com\/?s={search_term_string}"},"query-input":"required name=search_term_string"}],"inLanguage":"fr-FR"},{"@type":"Organization","@id":"https:\/\/angitex.com\/#organization","name":"Angitex","url":"https:\/\/angitex.com\/","logo":{"@type":"ImageObject","inLanguage":"fr-FR","@id":"https:\/\/angitex.com\/#\/schema\/logo\/image\/","url":"https:\/\/angitex.com\/wp-content\/uploads\/2022\/05\/Angitex-2.png","contentUrl":"https:\/\/angitex.com\/wp-content\/uploads\/2022\/05\/Angitex-2.png","width":1386,"height":521,"caption":"Angitex"},"image":{"@id":"https:\/\/angitex.com\/#\/schema\/logo\/image\/"}}]}},"_links":{"self":[{"href":"https:\/\/angitex.com\/fr\/wp-json\/wp\/v2\/product\/82","targetHints":{"allow":["GET"]}}],"collection":[{"href":"https:\/\/angitex.com\/fr\/wp-json\/wp\/v2\/product"}],"about":[{"href":"https:\/\/angitex.com\/fr\/wp-json\/wp\/v2\/types\/product"}],"replies":[{"embeddable":true,"href":"https:\/\/angitex.com\/fr\/wp-json\/wp\/v2\/comments?post=82"}],"wp:featuredmedia":[{"embeddable":true,"href":"https:\/\/angitex.com\/fr\/wp-json\/wp\/v2\/media\/556"}],"wp:attachment":[{"href":"https:\/\/angitex.com\/fr\/wp-json\/wp\/v2\/media?parent=82"}],"wp:term":[{"taxonomy":"product_cat","embeddable":true,"href":"https:\/\/angitex.com\/fr\/wp-json\/wp\/v2\/product_cat?post=82"},{"taxonomy":"product_tag","embeddable":true,"href":"https:\/\/angitex.com\/fr\/wp-json\/wp\/v2\/product_tag?post=82"}],"curies":[{"name":"wp","href":"https:\/\/api.w.org\/{rel}","templated":true}]}}