{"id":86,"date":"2022-05-31T09:14:28","date_gmt":"2022-05-31T09:14:28","guid":{"rendered":"https:\/\/angitex.com\/product\/roland-xt-640\/"},"modified":"2022-07-06T14:38:18","modified_gmt":"2022-07-06T14:38:18","slug":"roland-xt-640","status":"publish","type":"product","link":"https:\/\/angitex.com\/fr\/product\/roland-xt-640\/","title":{"rendered":"Roland XT-640"},"content":{"rendered":"<table>\n<tbody>\n<tr>\n<td width=\"189\">TECHNOLOGIE D'IMPRESSION<\/td>\n<td colspan=\"2\" width=\"378\">Jet d'encre pi\u00e9zo\u00e9lectrique<\/td>\n<\/tr>\n<tr>\n<td rowspan=\"5\" width=\"189\">MEDIA<\/td>\n<td width=\"189\">LARGEUR<\/td>\n<td width=\"189\">259 to 1,625 mm<\/td>\n<\/tr>\n<tr>\n<td width=\"189\">\u00c9PAISSEUR<\/td>\n<td width=\"189\">Maximum 1.0 mm<\/td>\n<\/tr>\n<tr>\n<td width=\"189\">DIAM\u00c8TRE EXT\u00c9RIEUR DU ROULEAU<\/td>\n<td width=\"189\">Maximum 210 mm<\/td>\n<\/tr>\n<tr>\n<td width=\"189\">POIDS DU ROULEAU<\/td>\n<td width=\"189\">Maximum 40 kg<\/td>\n<\/tr>\n<tr>\n<td width=\"189\">DIAM\u00c8TRE DE NOYAU *1<\/td>\n<td width=\"189\">76.2 mm ou 50.8 mm<\/td>\n<\/tr>\n<tr>\n<td width=\"189\">LARGEUR D'IMPRESSION<\/td>\n<td colspan=\"2\" width=\"378\">Maximum 1,615 mm<\/td>\n<\/tr>\n<tr>\n<td rowspan=\"2\" width=\"189\">TYPES DE POCHES D'ENCRE<\/td>\n<td width=\"189\">LES TYPES<\/td>\n<td width=\"189\">Pochette d'encre de sublimation exclusive<\/td>\n<\/tr>\n<tr>\n<td width=\"189\">COULEURS<\/td>\n<td width=\"189\">Quatre couleurs (cyan, magenta, jaune et noir)<\/p>\n<p>Huit couleurs (cyan, magenta, jaune, noir, cyan clair, magenta clair, orange et violet)<\/td>\n<\/tr>\n<tr>\n<td width=\"189\">R\u00c9SOLUTION D'IMPRESSION<\/td>\n<td colspan=\"2\" width=\"378\">Maximum 1,440 dpi<\/td>\n<\/tr>\n<tr>\n<td width=\"189\">PR\u00c9CISION DE LA DISTANCE<\/td>\n<td colspan=\"2\" width=\"378\">Erreur inf\u00e9rieure \u00e0 \u00b10,3 % de la distance parcourue, ou \u00b10,3 mm, selon la valeur la plus \u00e9lev\u00e9e<\/td>\n<\/tr>\n<tr>\n<td width=\"189\">SECHEUR *4<\/td>\n<td colspan=\"2\" width=\"378\">Plage de r\u00e9glage de la temp\u00e9rature pr\u00e9r\u00e9gl\u00e9e: 30 \u00e0 40 \u00b0 C<\/td>\n<\/tr>\n<tr>\n<td width=\"189\">CONNECTIVIT\u00c9<\/td>\n<td colspan=\"2\" width=\"378\">Ethernet (100BASE-TX \/ 1000BASE-T, commutation automatique)<\/td>\n<\/tr>\n<tr>\n<td width=\"189\">FONCTION D'\u00c9CONOMIE D'\u00c9NERGIE<\/td>\n<td colspan=\"2\" width=\"378\">Fonction de veille automatique<\/td>\n<\/tr>\n<tr>\n<td width=\"189\">EXIGENCES D'ALIMENTATION<\/td>\n<td colspan=\"2\" width=\"378\">AC 100 to 120V \u00b110%, 5.5 A, 50\/60 Hz or AC 220 to 240V \u00b110%, 2.8A, 50\/60 Hz<\/td>\n<\/tr>\n<tr>\n<td rowspan=\"2\" width=\"189\">CONSOMMATION D'\u00c9NERGIE<\/td>\n<td width=\"189\">PENDANT LE FONCTIONNEMENT<\/td>\n<td width=\"189\">Approx. 750W<\/td>\n<\/tr>\n<tr>\n<td width=\"189\">MODE VEILLE<\/td>\n<td width=\"189\">Approx. 70 W<\/td>\n<\/tr>\n<tr>\n<td rowspan=\"2\" width=\"189\">NIVEAU DE BRUIT ACOUSTIQUE PENDANT LE FONCTIONNEMENT<\/td>\n<td width=\"189\">PENDANT LE FONCTIONNEMENT<\/td>\n<td width=\"189\">62 dB (A) ou moins<\/td>\n<\/tr>\n<tr>\n<td width=\"189\">EN VEILLE<\/td>\n<td width=\"189\">45 dB (A) ou moins<\/td>\n<\/tr>\n<tr>\n<td width=\"189\">DIMENSIONS (avec support)<\/td>\n<td colspan=\"2\" width=\"378\">2,835(W) x 830(D) x 1,650 (H) mm<\/td>\n<\/tr>\n<tr>\n<td width=\"189\">POIDS (avec support)<\/td>\n<td colspan=\"2\" width=\"378\">214 kg<\/td>\n<\/tr>\n<tr>\n<td rowspan=\"2\" width=\"189\">ENVIRONNEMENT<\/td>\n<td width=\"189\">POWER ON<\/td>\n<td width=\"189\">Temp\u00e9rature: 18 \u00e0 25 \u00b0 C, humidit\u00e9: 35 \u00e0 65% HR (sans condensation)<\/td>\n<\/tr>\n<tr>\n<td width=\"189\">POWER OFF<\/td>\n<td width=\"189\">Temp\u00e9rature: 15 \u00e0 30 \u00b0 C, humidit\u00e9: 20 \u00e0 80% HR (sans condensation)<\/td>\n<\/tr>\n<tr>\n<td width=\"189\">ARTICLES INCLUS<\/td>\n<td colspan=\"2\" width=\"378\">Supports exclusifs, c\u00e2ble d'alimentation, pinces pour support, support de support, lame de remplacement pour couteau de s\u00e9paration, logiciel ErgoSoft Roland Edition RIP, manuel de l'utilisateur, etc.<\/td>\n<\/tr>\n<\/tbody>\n<\/table>","protected":false},"excerpt":{"rendered":"<p>D\u00e9velopp\u00e9 sp\u00e9cifiquement pour l'impression par transfert par sublimation, le Texart XT-640 offre une productivit\u00e9 exceptionnelle, une qualit\u00e9 d'impression exceptionnelle et une fiabilit\u00e9 reconnue, gr\u00e2ce \u00e0 sa technologie d'impression exclusive. Maximisez la force et le style de votre production dans un large \u00e9ventail d'applications, notamment les v\u00eatements de sport, la mode, la signal\u00e9tique douce, la d\u00e9coration int\u00e9rieure, les articles promotionnels et bien plus encore. Le XT-640 est disponible en deux configurations d'encre: avec 4 couleurs (double CMJN) ou 8 couleurs.<\/p>\n<p>D\u00e9couvrez les avantages commerciaux passionnants de l'impression par transfert de sublimation num\u00e9rique avec le Texart XT-640. Avec une configuration rapide et des co\u00fbts fixes faibles, il est rapide et facile de r\u00e9aliser des exemplaires uniques, des \u00e9chantillons et des \u00e9ditions limit\u00e9es. Adaptez votre production aux besoins des clients avec une production \u00abjuste \u00e0 temps\u00bb et \u00e0 la demande. La sublimation num\u00e9rique offre \u00e9galement efficacit\u00e9 et flexibilit\u00e9. Imprimez diff\u00e9rentes variations de couleurs ou des conceptions compl\u00e8tement diff\u00e9rentes au cours du m\u00eame tirage pour obtenir une personnalisation de masse d'une seule pi\u00e8ce ou regrouper diff\u00e9rents travaux au cours d'un m\u00eame tirage.<\/p>\n<p>La technologie avanc\u00e9e de contr\u00f4le d'impression du XT-640, en combinaison avec l'encre Texart, produit une qualit\u00e9 d'image \u00e9tonnante et des couleurs vives \u00e9clatantes. Pour une production maximale, la configuration d'encre 4 couleurs offre des d\u00e9tails fins et un contraste exceptionnel \u00e0 des vitesses d'impression impressionnantes.<\/p>\n<p><strong>Un \u00e9quilibre parfait entre productivit\u00e9 et qualit\u00e9<\/strong><\/p>\n<p>Avec sa construction robuste et ses deux t\u00eates d'impression en quinconce, le Texart XT-640 est con\u00e7u pour r\u00e9pondre aux exigences de production exigeantes, offrant des vitesses d'impression allant jusqu'\u00e0 63 m\u00b2 \/ h *. Le XT-640 offre une stabilit\u00e9, une qualit\u00e9 d'impression \u00e9tonnante et de superbes performances \u00e0 haute vitesse. Pour capturer chaque gradation et chaque d\u00e9tail, chaque t\u00eate tire des gouttelettes pr\u00e9cises dans jusqu'\u00e0 sept tailles diff\u00e9rentes pour s'adapter aux caract\u00e9ristiques du support et \u00e0 la qualit\u00e9 d'impression souhait\u00e9e.<\/p>\n<p>* La vitesse d'impression d\u00e9pendra de l'adaptation \u00e0 l'application choisie.<\/p>","protected":false},"featured_media":547,"comment_status":"open","ping_status":"closed","template":"","meta":{"site-sidebar-layout":"default","site-content-layout":"default","ast-site-content-layout":"","site-content-style":"default","site-sidebar-style":"default","ast-global-header-display":"","ast-banner-title-visibility":"","ast-main-header-display":"","ast-hfb-above-header-display":"","ast-hfb-below-header-display":"","ast-hfb-mobile-header-display":"","site-post-title":"","ast-breadcrumbs-content":"","ast-featured-img":"","footer-sml-layout":"","theme-transparent-header-meta":"default","adv-header-id-meta":"","stick-header-meta":"","header-above-stick-meta":"","header-main-stick-meta":"","header-below-stick-meta":"","astra-migrate-meta-layouts":"default","ast-page-background-enabled":"default","ast-page-background-meta":{"desktop":{"background-color":"var(--ast-global-color-4)","background-image":"","background-repeat":"repeat","background-position":"center center","background-size":"auto","background-attachment":"scroll","background-type":"","background-media":"","overlay-type":"","overlay-color":"","overlay-gradient":""},"tablet":{"background-color":"","background-image":"","background-repeat":"repeat","background-position":"center center","background-size":"auto","background-attachment":"scroll","background-type":"","background-media":"","overlay-type":"","overlay-color":"","overlay-gradient":""},"mobile":{"background-color":"","background-image":"","background-repeat":"repeat","background-position":"center center","background-size":"auto","background-attachment":"scroll","background-type":"","background-media":"","overlay-type":"","overlay-color":"","overlay-gradient":""}},"ast-content-background-meta":{"desktop":{"background-color":"var(--ast-global-color-5)","background-image":"","background-repeat":"repeat","background-position":"center center","background-size":"auto","background-attachment":"scroll","background-type":"","background-media":"","overlay-type":"","overlay-color":"","overlay-gradient":""},"tablet":{"background-color":"var(--ast-global-color-5)","background-image":"","background-repeat":"repeat","background-position":"center center","background-size":"auto","background-attachment":"scroll","background-type":"","background-media":"","overlay-type":"","overlay-color":"","overlay-gradient":""},"mobile":{"background-color":"var(--ast-global-color-5)","background-image":"","background-repeat":"repeat","background-position":"center center","background-size":"auto","background-attachment":"scroll","background-type":"","background-media":"","overlay-type":"","overlay-color":"","overlay-gradient":""}}},"product_cat":[37,36],"product_tag":[],"class_list":{"0":"post-86","1":"product","2":"type-product","3":"status-publish","4":"has-post-thumbnail","6":"product_cat-dye-sublimation-printers","7":"product_cat-printers","8":"desktop-align-left","9":"tablet-align-left","10":"mobile-align-left","12":"first","13":"instock","14":"shipping-taxable","15":"product-type-simple"},"yoast_head":"<!-- This site is optimized with the Yoast SEO plugin v22.2 - https:\/\/yoast.com\/wordpress\/plugins\/seo\/ -->\r\n<title>Roland XT-640 - Angitex<\/title>\r\n<meta name=\"robots\" content=\"index, follow, max-snippet:-1, max-image-preview:large, max-video-preview:-1\" \/>\r\n<link rel=\"canonical\" href=\"https:\/\/angitex.com\/fr\/product\/roland-xt-640\/\" \/>\r\n<meta property=\"og:locale\" content=\"fr_FR\" \/>\r\n<meta property=\"og:type\" content=\"article\" \/>\r\n<meta property=\"og:title\" content=\"Roland XT-640 - Angitex\" \/>\r\n<meta property=\"og:description\" content=\"Developed specifically for dye sublimation transfer printing, the Texart XT-640 delivers outstanding productivity, exceptional print quality and renowned reliability, thanks to its exclusive printing technology. Maximise the strength and style of your output across a wide range of applications including sportswear, fashion, soft signage, interior decoration, promotional merchandise and much more. The XT-640 is available in two ink configurations: with 4 colours (dual CMYK) or 8 colours.  Discover the exciting commercial benefits of digital dye sublimation transfer printing with the Texart XT-640. With fast set up and low fixed costs, it&#039;s quick and easy to do one-offs, sampling and limited editions. Adapt your output to customers&#039; requirements with just in time and on demand production. Digital sublimation offers efficiency and flexibility too. Print different colour variations or completely different designs within the same print run to achieve mass customisation of one piece or batch up different jobs during one long run.  The XT-640s advanced print control technology, in combination with Texart ink produces stunning sharp image quality and brilliant vivid colour. For maximum production, the 4 colour ink configuration delivers fine detail and exceptional contrast at impressive print speeds.  A perfect balance of productivity and quality  With its rugged construction and dual print heads in a staggered formation, the Texart XT-640 is built to meet demanding production requirements, delivering print speeds up to 63m\u00b2\/h*. The XT-640 offers stability, stunning print quality and superb high-speed performance. To capture every gradation and detail, each head fires precise droplets in up to seven different sizes to accommodate media characteristics and desired print quality.  * Print speed will be dependent on suitability to the chosen application.\" \/>\r\n<meta property=\"og:url\" content=\"https:\/\/angitex.com\/fr\/product\/roland-xt-640\/\" \/>\r\n<meta property=\"og:site_name\" content=\"Angitex\" \/>\r\n<meta property=\"article:modified_time\" content=\"2022-07-06T14:38:18+00:00\" \/>\r\n<meta property=\"og:image\" content=\"https:\/\/angitex.com\/wp-content\/uploads\/2022\/05\/XT-640.jpg\" \/>\r\n\t<meta property=\"og:image:width\" content=\"1600\" \/>\r\n\t<meta property=\"og:image:height\" content=\"1080\" \/>\r\n\t<meta property=\"og:image:type\" content=\"image\/jpeg\" \/>\r\n<meta name=\"twitter:card\" content=\"summary_large_image\" \/>\r\n<meta name=\"twitter:label1\" content=\"Est. reading time\" \/>\n\t<meta name=\"twitter:data1\" content=\"1 minute\" \/>\r\n<script type=\"application\/ld+json\" class=\"yoast-schema-graph\">{\"@context\":\"https:\/\/schema.org\",\"@graph\":[{\"@type\":\"WebPage\",\"@id\":\"https:\/\/angitex.com\/product\/roland-xt-640\/\",\"url\":\"https:\/\/angitex.com\/product\/roland-xt-640\/\",\"name\":\"Roland XT-640 - Angitex\",\"isPartOf\":{\"@id\":\"https:\/\/angitex.com\/#website\"},\"primaryImageOfPage\":{\"@id\":\"https:\/\/angitex.com\/product\/roland-xt-640\/#primaryimage\"},\"image\":{\"@id\":\"https:\/\/angitex.com\/product\/roland-xt-640\/#primaryimage\"},\"thumbnailUrl\":\"https:\/\/angitex.com\/wp-content\/uploads\/2022\/05\/XT-640.jpg\",\"datePublished\":\"2022-05-31T09:14:28+00:00\",\"dateModified\":\"2022-07-06T14:38:18+00:00\",\"breadcrumb\":{\"@id\":\"https:\/\/angitex.com\/product\/roland-xt-640\/#breadcrumb\"},\"inLanguage\":\"fr-FR\",\"potentialAction\":[{\"@type\":\"ReadAction\",\"target\":[\"https:\/\/angitex.com\/product\/roland-xt-640\/\"]}]},{\"@type\":\"ImageObject\",\"inLanguage\":\"fr-FR\",\"@id\":\"https:\/\/angitex.com\/product\/roland-xt-640\/#primaryimage\",\"url\":\"https:\/\/angitex.com\/wp-content\/uploads\/2022\/05\/XT-640.jpg\",\"contentUrl\":\"https:\/\/angitex.com\/wp-content\/uploads\/2022\/05\/XT-640.jpg\",\"width\":1600,\"height\":1080},{\"@type\":\"BreadcrumbList\",\"@id\":\"https:\/\/angitex.com\/product\/roland-xt-640\/#breadcrumb\",\"itemListElement\":[{\"@type\":\"ListItem\",\"position\":1,\"name\":\"Products\",\"item\":\"https:\/\/angitex.com\/shop\/\"},{\"@type\":\"ListItem\",\"position\":2,\"name\":\"Roland XT-640\"}]},{\"@type\":\"WebSite\",\"@id\":\"https:\/\/angitex.com\/#website\",\"url\":\"https:\/\/angitex.com\/\",\"name\":\"Angitex\",\"description\":\"Your partner for large printing products\",\"publisher\":{\"@id\":\"https:\/\/angitex.com\/#organization\"},\"potentialAction\":[{\"@type\":\"SearchAction\",\"target\":{\"@type\":\"EntryPoint\",\"urlTemplate\":\"https:\/\/angitex.com\/?s={search_term_string}\"},\"query-input\":\"required name=search_term_string\"}],\"inLanguage\":\"fr-FR\"},{\"@type\":\"Organization\",\"@id\":\"https:\/\/angitex.com\/#organization\",\"name\":\"Angitex\",\"url\":\"https:\/\/angitex.com\/\",\"logo\":{\"@type\":\"ImageObject\",\"inLanguage\":\"fr-FR\",\"@id\":\"https:\/\/angitex.com\/#\/schema\/logo\/image\/\",\"url\":\"https:\/\/angitex.com\/wp-content\/uploads\/2022\/05\/Angitex-2.png\",\"contentUrl\":\"https:\/\/angitex.com\/wp-content\/uploads\/2022\/05\/Angitex-2.png\",\"width\":1386,\"height\":521,\"caption\":\"Angitex\"},\"image\":{\"@id\":\"https:\/\/angitex.com\/#\/schema\/logo\/image\/\"}}]}<\/script>\r\n<!-- \/ Yoast SEO plugin. -->","yoast_head_json":{"title":"Roland XT-640 - Angitex","robots":{"index":"index","follow":"follow","max-snippet":"max-snippet:-1","max-image-preview":"max-image-preview:large","max-video-preview":"max-video-preview:-1"},"canonical":"https:\/\/angitex.com\/fr\/product\/roland-xt-640\/","og_locale":"fr_FR","og_type":"article","og_title":"Roland XT-640 - Angitex","og_description":"Developed specifically for dye sublimation transfer printing, the Texart XT-640 delivers outstanding productivity, exceptional print quality and renowned reliability, thanks to its exclusive printing technology. Maximise the strength and style of your output across a wide range of applications including sportswear, fashion, soft signage, interior decoration, promotional merchandise and much more. The XT-640 is available in two ink configurations: with 4 colours (dual CMYK) or 8 colours.  Discover the exciting commercial benefits of digital dye sublimation transfer printing with the Texart XT-640. With fast set up and low fixed costs, it's quick and easy to do one-offs, sampling and limited editions. Adapt your output to customers' requirements with just in time and on demand production. Digital sublimation offers efficiency and flexibility too. Print different colour variations or completely different designs within the same print run to achieve mass customisation of one piece or batch up different jobs during one long run.  The XT-640s advanced print control technology, in combination with Texart ink produces stunning sharp image quality and brilliant vivid colour. For maximum production, the 4 colour ink configuration delivers fine detail and exceptional contrast at impressive print speeds.  A perfect balance of productivity and quality  With its rugged construction and dual print heads in a staggered formation, the Texart XT-640 is built to meet demanding production requirements, delivering print speeds up to 63m\u00b2\/h*. The XT-640 offers stability, stunning print quality and superb high-speed performance. To capture every gradation and detail, each head fires precise droplets in up to seven different sizes to accommodate media characteristics and desired print quality.  * Print speed will be dependent on suitability to the chosen application.","og_url":"https:\/\/angitex.com\/fr\/product\/roland-xt-640\/","og_site_name":"Angitex","article_modified_time":"2022-07-06T14:38:18+00:00","og_image":[{"width":1600,"height":1080,"url":"https:\/\/angitex.com\/wp-content\/uploads\/2022\/05\/XT-640.jpg","type":"image\/jpeg"}],"twitter_card":"summary_large_image","twitter_misc":{"Est. reading time":"1 minute"},"schema":{"@context":"https:\/\/schema.org","@graph":[{"@type":"WebPage","@id":"https:\/\/angitex.com\/product\/roland-xt-640\/","url":"https:\/\/angitex.com\/product\/roland-xt-640\/","name":"Roland XT-640 - Angitex","isPartOf":{"@id":"https:\/\/angitex.com\/#website"},"primaryImageOfPage":{"@id":"https:\/\/angitex.com\/product\/roland-xt-640\/#primaryimage"},"image":{"@id":"https:\/\/angitex.com\/product\/roland-xt-640\/#primaryimage"},"thumbnailUrl":"https:\/\/angitex.com\/wp-content\/uploads\/2022\/05\/XT-640.jpg","datePublished":"2022-05-31T09:14:28+00:00","dateModified":"2022-07-06T14:38:18+00:00","breadcrumb":{"@id":"https:\/\/angitex.com\/product\/roland-xt-640\/#breadcrumb"},"inLanguage":"fr-FR","potentialAction":[{"@type":"ReadAction","target":["https:\/\/angitex.com\/product\/roland-xt-640\/"]}]},{"@type":"ImageObject","inLanguage":"fr-FR","@id":"https:\/\/angitex.com\/product\/roland-xt-640\/#primaryimage","url":"https:\/\/angitex.com\/wp-content\/uploads\/2022\/05\/XT-640.jpg","contentUrl":"https:\/\/angitex.com\/wp-content\/uploads\/2022\/05\/XT-640.jpg","width":1600,"height":1080},{"@type":"BreadcrumbList","@id":"https:\/\/angitex.com\/product\/roland-xt-640\/#breadcrumb","itemListElement":[{"@type":"ListItem","position":1,"name":"Products","item":"https:\/\/angitex.com\/shop\/"},{"@type":"ListItem","position":2,"name":"Roland XT-640"}]},{"@type":"WebSite","@id":"https:\/\/angitex.com\/#website","url":"https:\/\/angitex.com\/","name":"Angitex","description":"Your partner for large printing products","publisher":{"@id":"https:\/\/angitex.com\/#organization"},"potentialAction":[{"@type":"SearchAction","target":{"@type":"EntryPoint","urlTemplate":"https:\/\/angitex.com\/?s={search_term_string}"},"query-input":"required name=search_term_string"}],"inLanguage":"fr-FR"},{"@type":"Organization","@id":"https:\/\/angitex.com\/#organization","name":"Angitex","url":"https:\/\/angitex.com\/","logo":{"@type":"ImageObject","inLanguage":"fr-FR","@id":"https:\/\/angitex.com\/#\/schema\/logo\/image\/","url":"https:\/\/angitex.com\/wp-content\/uploads\/2022\/05\/Angitex-2.png","contentUrl":"https:\/\/angitex.com\/wp-content\/uploads\/2022\/05\/Angitex-2.png","width":1386,"height":521,"caption":"Angitex"},"image":{"@id":"https:\/\/angitex.com\/#\/schema\/logo\/image\/"}}]}},"_links":{"self":[{"href":"https:\/\/angitex.com\/fr\/wp-json\/wp\/v2\/product\/86","targetHints":{"allow":["GET"]}}],"collection":[{"href":"https:\/\/angitex.com\/fr\/wp-json\/wp\/v2\/product"}],"about":[{"href":"https:\/\/angitex.com\/fr\/wp-json\/wp\/v2\/types\/product"}],"replies":[{"embeddable":true,"href":"https:\/\/angitex.com\/fr\/wp-json\/wp\/v2\/comments?post=86"}],"wp:featuredmedia":[{"embeddable":true,"href":"https:\/\/angitex.com\/fr\/wp-json\/wp\/v2\/media\/547"}],"wp:attachment":[{"href":"https:\/\/angitex.com\/fr\/wp-json\/wp\/v2\/media?parent=86"}],"wp:term":[{"taxonomy":"product_cat","embeddable":true,"href":"https:\/\/angitex.com\/fr\/wp-json\/wp\/v2\/product_cat?post=86"},{"taxonomy":"product_tag","embeddable":true,"href":"https:\/\/angitex.com\/fr\/wp-json\/wp\/v2\/product_tag?post=86"}],"curies":[{"name":"wp","href":"https:\/\/api.w.org\/{rel}","templated":true}]}}