{"id":91,"date":"2022-05-31T09:14:29","date_gmt":"2022-05-31T09:14:29","guid":{"rendered":"https:\/\/angitex.com\/product\/gcc-label-express\/"},"modified":"2022-06-03T10:46:10","modified_gmt":"2022-06-03T10:46:10","slug":"gcc-label-express","status":"publish","type":"product","link":"https:\/\/angitex.com\/fr\/product\/gcc-label-express\/","title":{"rendered":"GCC Label Express"},"content":{"rendered":"<div class=\"boxA\"><\/div>\n<div class=\"boxB\">\n<div class=\"info\">\n<div class=\"txt\">\n<p><strong><img decoding=\"async\" src=\"http:\/\/www.gccworld.com\/data\/option\/201809\/1537323397LRZRC1.jpg\" alt=\"Laminator\" \/><\/strong><\/p>\n<p><strong>Plastifieuse<\/strong><\/p>\n<p>Avec GCC Laminator + LabelExpress, vous serez en mesure d'effectuer rapidement et facilement toutes ces \u00e9tapes de finition d'\u00e9tiquettes dans un processus unique, int\u00e9gr\u00e9 et automatis\u00e9:<br \/>\nPlastification (en option) \/ D\u00e9coupe laser Kiss \/ D\u00e9coupe \/ d\u00e9coupe laser (en option) \/ Rembobinage sur rouleaux finis.<\/p>\n<p>&nbsp;<\/p>\n<p><img decoding=\"async\" src=\"http:\/\/www.gccworld.com\/data\/option\/201705\/1494319959WE6RM1.jpg\" alt=\"External Control Interface\" \/><\/p>\n<p><strong>Interface de contr\u00f4le externe<\/strong><\/p>\n<p>La carte d'interface de contr\u00f4le externe est un \u00e9l\u00e9ment facultatif qui permet aux utilisateurs de configurer la machine GCC pour la communication avec des p\u00e9riph\u00e9riques externes tels qu'une imprimante d'\u00e9tiquettes et d'autres pour former une ligne de production automatique.<\/p>\n<p>&nbsp;<\/p>\n<p><img decoding=\"async\" src=\"http:\/\/www.gccworld.com\/data\/option\/201807\/1531104365TEGYI1.jpg\" alt=\"Slitting Module\" \/><\/p>\n<p><strong>Module de refendage<\/strong><\/p>\n<p>Le module de refendage est capable de couper le support en rouleau en bandes plus petites.<\/p>\n<p>&nbsp;<\/p>\n<p><img decoding=\"async\" src=\"http:\/\/www.gccworld.com\/data\/option\/201705\/1494320420CT86T1.jpg\" alt=\"Paper Loading Cart\" \/><\/p>\n<p><strong>Chariot de chargement de papier<\/strong><\/p>\n<p>Le chariot de chargement du papier est un outil pratique qui permet aux op\u00e9rateurs de placer le support sur le chariot pour l'assemblage du support et le syst\u00e8me de bobinage \/ rembobinage.<\/p>\n<p>&nbsp;<\/p>\n<\/div>\n<p><img decoding=\"async\" src=\"http:\/\/www.gccworld.com\/data\/option\/201607\/1469433860X793J1.jpg\" alt=\"Entry-Level Fume Extraction System\" \/><\/p>\n<div class=\"txt\">\n<p><strong>Syst\u00e8me d'extraction des fum\u00e9es d'entr\u00e9e de gamme<\/strong><\/p>\n<p>Les syst\u00e8mes d'extraction de fum\u00e9es certifi\u00e9s CE GCC PA-1500FS et PA-1000FS sont con\u00e7us pour \u00e9liminer les fum\u00e9es et poussi\u00e8res dangereuses pendant le traitement au laser afin de prot\u00e9ger la sant\u00e9 des op\u00e9rateurs, d'\u00e9liminer la pollution de l'environnement et d'am\u00e9liorer la d\u00e9coupe laser.<\/p>\n<p>&nbsp;<\/p>\n<\/div>\n<p><img decoding=\"async\" src=\"http:\/\/www.gccworld.com\/data\/option\/201404\/1398329487CI9YY1.jpg\" alt=\"Air Compressor\" \/><\/p>\n<div class=\"txt\">\n<p><strong>Compresseur d'air<\/strong><\/p>\n<p>Un compresseur d'air sp\u00e9cialement con\u00e7u, en utilisant un diaphragme sans huile, vous aide \u00e0 \u00e9liminer les effets secondaires nocifs et dommageables de l'humidit\u00e9 sur l'optique laser. Fournit \u00e9galement la pression d'air optimale dont votre laser a besoin pour \u00e9vacuer les particules vaporis\u00e9es et aide \u00e0 pr\u00e9venir la surchauffe. Un must pour garder les lentilles et les miroirs propres afin de prolonger la dur\u00e9e de vie du laser.<\/p>\n<p>&nbsp;<\/p>\n<\/div>\n<\/div>\n<\/div>\n<div><\/div>\n<div>\n<table border=\"0\" width=\"700\" cellspacing=\"1\" cellpadding=\"4\" bgcolor=\"#cccccc\">\n<tbody>\n<tr>\n<td class=\"td_spec\" colspan=\"2\">LabelExpress<\/td>\n<td class=\"tdcenter\" style=\"text-align: center;\" colspan=\"2\"><strong>LE15<\/strong><\/td>\n<\/tr>\n<tr>\n<td class=\"td_spec\" colspan=\"2\">Num\u00e9ro du mod\u00e8le<\/td>\n<td class=\"tdcenter\" width=\"240\"><strong>LE15-20V93<\/strong><\/td>\n<td class=\"tdcenter\" width=\"177\"><strong>LE15-30V<\/strong><\/td>\n<\/tr>\n<tr>\n<td class=\"td_spec\" colspan=\"2\">Largeur de coupe<\/td>\n<td class=\"tdcenter\" style=\"text-align: center;\" colspan=\"2\">380 mm (15&#8243;)<\/td>\n<\/tr>\n<tr>\n<td class=\"td_spec\" colspan=\"2\">Zone de travail (feuille) (L x L)<\/td>\n<td class=\"tdcenter\" style=\"text-align: center;\" colspan=\"2\">380 x 330 mm (15&#8243; x 13&#8243;)<\/td>\n<\/tr>\n<tr>\n<td class=\"td_spec\" rowspan=\"2\" width=\"159\">Max. Taille de la pi\u00e8ce (L x L x H)<\/td>\n<td class=\"td_spec\" width=\"87\">Largeur<\/td>\n<td class=\"tdcenter\" style=\"text-align: center;\" colspan=\"2\">400 mm (15.7&#8243;)<\/td>\n<\/tr>\n<tr>\n<td class=\"td_spec\" width=\"87\">Taille du rouleau<\/td>\n<td class=\"tdcenter\" style=\"text-align: center;\" colspan=\"2\">76,2 mm (3 \u2033) avec un diam\u00e8tre de 300 mm (11,8 \u2033<\/td>\n<\/tr>\n<tr>\n<td class=\"td_spec\" colspan=\"2\">Source laser<\/td>\n<td class=\"tdcenter\" style=\"text-align: center;\" colspan=\"2\">Laser CO2 scell\u00e9<\/td>\n<\/tr>\n<tr>\n<td class=\"td_spec\" colspan=\"2\">Puissance<\/td>\n<td class=\"tdcenter\" style=\"text-align: center;\" width=\"240\">20W 9.3-\u00ce\u00bcm<\/td>\n<td class=\"tdcenter\" style=\"text-align: center;\" width=\"177\">30W 10.6-\u00ce\u00bcm<\/td>\n<\/tr>\n<tr>\n<td class=\"td_spec\" colspan=\"2\">Drive<\/td>\n<td class=\"tdcenter\" style=\"text-align: center;\" colspan=\"2\">Closed-loop DC Servo Control<\/td>\n<\/tr>\n<tr>\n<td class=\"td_spec\" colspan=\"2\">Rouler \u00e0 rouler<\/td>\n<td class=\"tdcenter\" style=\"text-align: center;\" colspan=\"2\">Commande de moteur pas \u00e0 pas<\/td>\n<\/tr>\n<tr>\n<td class=\"td_spec\" colspan=\"2\">Vitesse maximum<\/td>\n<td class=\"tdcenter\" style=\"text-align: center;\" colspan=\"2\">1 530 mm\/s (60 ips) (pour la coupe en ligne droite)<\/td>\n<\/tr>\n<tr>\n<td class=\"td_spec\" colspan=\"2\">Contr\u00f4le de vitesse<\/td>\n<td class=\"tdcenter\" style=\"text-align: center;\" colspan=\"2\">R\u00e9glable de 0,1 \u00e0 100%<br \/>\n(Jusqu'\u00e0 16 param\u00e8tres de vitesse li\u00e9s aux couleurs par t\u00e2che<\/td>\n<\/tr>\n<tr>\n<td class=\"td_spec\" colspan=\"2\">Contr\u00f4le de puissance<\/td>\n<td class=\"tdcenter\" style=\"text-align: center;\" colspan=\"2\">R\u00e9glable de 0 \u00e0 100%<br \/>\nJusqu'\u00e0 16 param\u00e8tres d'alimentation li\u00e9s aux couleurs par t\u00e2che<\/td>\n<\/tr>\n<tr>\n<td class=\"td_spec\" colspan=\"2\">Syst\u00e8me d'alignement<\/td>\n<td class=\"tdcenter\" style=\"text-align: center;\" colspan=\"2\">CCD Module<\/td>\n<\/tr>\n<tr>\n<td class=\"td_spec\" colspan=\"2\">Pr\u00e9cision des distances<\/td>\n<td class=\"tdcenter\" style=\"text-align: center;\" colspan=\"2\">0,254\u00a0mm ou 0,1\u00a0% de d\u00e9placement, selon la valeur la plus \u00e9lev\u00e9e<\/td>\n<\/tr>\n<tr>\n<td class=\"td_spec\" colspan=\"2\">Interface informatique<\/td>\n<td class=\"tdcenter\" style=\"text-align: center;\" colspan=\"2\">Standard USB port<\/td>\n<\/tr>\n<tr>\n<td class=\"td_spec\" colspan=\"2\">Syst\u00e8mes d'exploitation<\/td>\n<td class=\"tdcenter\" style=\"text-align: center;\" colspan=\"2\">MS Windows<\/td>\n<\/tr>\n<tr>\n<td class=\"td_spec\" colspan=\"2\">Panneau d'affichage<\/td>\n<td class=\"tdcenter\" style=\"text-align: center;\" colspan=\"2\">Panneau LCD 4 lignes<\/td>\n<\/tr>\n<tr>\n<td class=\"td_spec\" colspan=\"2\">Alimentation papier<\/td>\n<td class=\"tdcenter\" style=\"text-align: center;\" colspan=\"2\">Capteur d'alimentation automatique, syst\u00e8me de rembobinage, contr\u00f4le de l'alignement du papier,<br \/>\nsyst\u00e8me d'\u00e9vacuation des d\u00e9chets<\/td>\n<\/tr>\n<tr>\n<td class=\"td_spec\" colspan=\"2\" rowspan=\"2\">Syst\u00e8me de vide<\/td>\n<td class=\"tdcenter\" style=\"text-align: center;\" colspan=\"2\">Aspirateur vers le bas pour la fixation des m\u00e9dias<\/td>\n<\/tr>\n<tr>\n<td class=\"tdcenter\" style=\"text-align: center;\" colspan=\"2\">Aspirateur sup\u00e9rieur pour le nettoyage de la surface des supports<\/td>\n<\/tr>\n<tr>\n<td class=\"td_spec\" colspan=\"2\">Mat\u00e9riaux de processus<\/td>\n<td class=\"tdcenter\" style=\"text-align: center;\" colspan=\"2\">Papier, PET, PP, TNT, BOPP, etc.<\/td>\n<\/tr>\n<tr>\n<td class=\"td_spec\" colspan=\"2\">S\u00e9curit\u00e9<\/td>\n<td class=\"tdcenter\" style=\"text-align: center;\" colspan=\"2\">Produit laser de classe IV conforme \u00e0 la norme EN60825-1:2014<br \/>\nProduit laser de classe IV conforme au CDRH<\/td>\n<\/tr>\n<tr>\n<td class=\"td_spec\" rowspan=\"2\" width=\"159\">Dimensions (L x L x H)<\/td>\n<td class=\"td_spec\" width=\"87\">Machine<\/td>\n<td class=\"tdcenter\" colspan=\"2\">\n<div style=\"text-align: center;\">1,070 x 1,441 x 1,180 mm<\/div>\n<div style=\"text-align: center;\">(42.2 x 56.7 x 46.5 in.)<\/div>\n<\/td>\n<\/tr>\n<tr>\n<td class=\"td_spec\" width=\"87\">Exp\u00e9dition<\/td>\n<td class=\"tdcenter\" style=\"text-align: center;\" colspan=\"2\">1,320 x 1,660 x 1,490 mm<br \/>\n(52 x 65.4 x 58.7 in.)<\/td>\n<\/tr>\n<tr>\n<td class=\"td_spec\" rowspan=\"2\" width=\"159\">Lester<\/td>\n<td class=\"td_spec\" width=\"87\">Machine<\/td>\n<td class=\"tdcenter\" style=\"text-align: center;\" colspan=\"2\">250 kg<\/td>\n<\/tr>\n<tr>\n<td class=\"td_spec\" width=\"87\">Exp\u00e9dition<\/td>\n<td class=\"tdcenter\" style=\"text-align: center;\" colspan=\"2\">362 kg<\/td>\n<\/tr>\n<tr>\n<td class=\"td_spec\" colspan=\"4\">Exigences de l'installation<\/td>\n<\/tr>\n<tr>\n<td class=\"td_spec\" colspan=\"2\">\u00c9lectrique<\/td>\n<td class=\"tdcenter\" colspan=\"2\">100 ~ 240 volts CA, 50\/60 Hz, commutation automatique, max. 10 A<\/td>\n<\/tr>\n<tr>\n<td class=\"td_spec\" colspan=\"2\">Consommation d'\u00e9nergie<\/td>\n<td class=\"tdcenter\" style=\"text-align: center;\" colspan=\"2\">MAX:1000W<\/td>\n<\/tr>\n<tr>\n<td class=\"td_spec\" colspan=\"4\">Facultatif (plastifieuse LabelExpress)<\/td>\n<\/tr>\n<tr>\n<td class=\"td_spec\" colspan=\"2\">Largeur de laminage<\/td>\n<td class=\"tdcenter\" style=\"text-align: center;\" colspan=\"2\">MAX: 380mm (15\u00e2\u20ac\u009d)<\/td>\n<\/tr>\n<tr>\n<td class=\"td_spec\" colspan=\"2\">Film de stratification (diam\u00e8tre ext\u00e9rieur)<\/td>\n<td class=\"tdcenter\" style=\"text-align: center;\" colspan=\"2\">MAX : 250 mm (9,8\u2033), avec noyau 76,2 mm (3\u2033)<\/td>\n<\/tr>\n<tr>\n<td class=\"td_spec\" colspan=\"2\">M\u00e9dia (diam\u00e8tre ext\u00e9rieur)<\/td>\n<td class=\"tdcenter\" style=\"text-align: center;\" colspan=\"2\">MAX : 300 mm (11,8\u2033), avec noyau 76,2 mm (3\u2033)<\/td>\n<\/tr>\n<\/tbody>\n<\/table>\n<div class=\"td_spec\">\n<p>*Les sp\u00e9cifications sont susceptibles de changer sans pr\u00e9avis.<\/p>\n<\/div>\n<\/div>","protected":false},"excerpt":{"rendered":"<p>La d\u00e9coupeuse laser GCC LabelExpress est un syst\u00e8me de d\u00e9coupe d'\u00e9tiquettes \u00e0 grande vitesse qui offre une grande flexibilit\u00e9 et une grande pr\u00e9cision avec une op\u00e9ration intuitive. Avec le module CCD de pointe, le syst\u00e8me d'alimentation automatique, le \n18module d'\u00e9limination des d\u00e9chets et le dispositif de r\u00e9-enrouleur, ainsi qu'un module de refendage en option. LabelExpress fournit un flux de travail ininterrompu et sans surveillance sur une seule plate-forme compacte.<\/p>","protected":false},"featured_media":557,"comment_status":"open","ping_status":"closed","template":"","meta":{"site-sidebar-layout":"default","site-content-layout":"default","ast-site-content-layout":"","site-content-style":"default","site-sidebar-style":"default","ast-global-header-display":"","ast-banner-title-visibility":"","ast-main-header-display":"","ast-hfb-above-header-display":"","ast-hfb-below-header-display":"","ast-hfb-mobile-header-display":"","site-post-title":"","ast-breadcrumbs-content":"","ast-featured-img":"","footer-sml-layout":"","theme-transparent-header-meta":"default","adv-header-id-meta":"","stick-header-meta":"","header-above-stick-meta":"","header-main-stick-meta":"","header-below-stick-meta":"","astra-migrate-meta-layouts":"default","ast-page-background-enabled":"default","ast-page-background-meta":{"desktop":{"background-color":"var(--ast-global-color-4)","background-image":"","background-repeat":"repeat","background-position":"center center","background-size":"auto","background-attachment":"scroll","background-type":"","background-media":"","overlay-type":"","overlay-color":"","overlay-gradient":""},"tablet":{"background-color":"","background-image":"","background-repeat":"repeat","background-position":"center center","background-size":"auto","background-attachment":"scroll","background-type":"","background-media":"","overlay-type":"","overlay-color":"","overlay-gradient":""},"mobile":{"background-color":"","background-image":"","background-repeat":"repeat","background-position":"center center","background-size":"auto","background-attachment":"scroll","background-type":"","background-media":"","overlay-type":"","overlay-color":"","overlay-gradient":""}},"ast-content-background-meta":{"desktop":{"background-color":"var(--ast-global-color-5)","background-image":"","background-repeat":"repeat","background-position":"center center","background-size":"auto","background-attachment":"scroll","background-type":"","background-media":"","overlay-type":"","overlay-color":"","overlay-gradient":""},"tablet":{"background-color":"var(--ast-global-color-5)","background-image":"","background-repeat":"repeat","background-position":"center center","background-size":"auto","background-attachment":"scroll","background-type":"","background-media":"","overlay-type":"","overlay-color":"","overlay-gradient":""},"mobile":{"background-color":"var(--ast-global-color-5)","background-image":"","background-repeat":"repeat","background-position":"center center","background-size":"auto","background-attachment":"scroll","background-type":"","background-media":"","overlay-type":"","overlay-color":"","overlay-gradient":""}}},"product_cat":[39],"product_tag":[],"class_list":{"0":"post-91","1":"product","2":"type-product","3":"status-publish","4":"has-post-thumbnail","6":"product_cat-laser-cutter","7":"desktop-align-left","8":"tablet-align-left","9":"mobile-align-left","11":"first","12":"instock","13":"shipping-taxable","14":"product-type-simple"},"yoast_head":"<!-- This site is optimized with the Yoast SEO plugin v22.2 - https:\/\/yoast.com\/wordpress\/plugins\/seo\/ -->\r\n<title>GCC Label Express - Angitex<\/title>\r\n<meta name=\"robots\" content=\"index, follow, max-snippet:-1, max-image-preview:large, max-video-preview:-1\" \/>\r\n<link rel=\"canonical\" href=\"https:\/\/angitex.com\/fr\/product\/gcc-label-express\/\" \/>\r\n<meta property=\"og:locale\" content=\"fr_FR\" \/>\r\n<meta property=\"og:type\" content=\"article\" \/>\r\n<meta property=\"og:title\" content=\"GCC Label Express - Angitex\" \/>\r\n<meta property=\"og:description\" content=\"The GCC LabelExpress laser die cutter is a high-speed label cutting system that delivers high flexibility and great precision with an intuitive operation. With the state of the art CCD module, auto-feed system, waste removal module and re-winder device, as well as an optional slitting module. LabelExpress provides an uninterrupted and unattended workflow on one single compact platform.\" \/>\r\n<meta property=\"og:url\" content=\"https:\/\/angitex.com\/fr\/product\/gcc-label-express\/\" \/>\r\n<meta property=\"og:site_name\" content=\"Angitex\" \/>\r\n<meta property=\"article:modified_time\" content=\"2022-06-03T10:46:10+00:00\" \/>\r\n<meta property=\"og:image\" content=\"https:\/\/angitex.com\/wp-content\/uploads\/2022\/05\/gcc-label-express.png\" \/>\r\n\t<meta property=\"og:image:width\" content=\"1600\" \/>\r\n\t<meta property=\"og:image:height\" content=\"1080\" \/>\r\n\t<meta property=\"og:image:type\" content=\"image\/png\" \/>\r\n<meta name=\"twitter:card\" content=\"summary_large_image\" \/>\r\n<meta name=\"twitter:label1\" content=\"Est. reading time\" \/>\n\t<meta name=\"twitter:data1\" content=\"2 minutes\" \/>\r\n<script type=\"application\/ld+json\" class=\"yoast-schema-graph\">{\"@context\":\"https:\/\/schema.org\",\"@graph\":[{\"@type\":\"WebPage\",\"@id\":\"https:\/\/angitex.com\/product\/gcc-label-express\/\",\"url\":\"https:\/\/angitex.com\/product\/gcc-label-express\/\",\"name\":\"GCC Label Express - Angitex\",\"isPartOf\":{\"@id\":\"https:\/\/angitex.com\/#website\"},\"primaryImageOfPage\":{\"@id\":\"https:\/\/angitex.com\/product\/gcc-label-express\/#primaryimage\"},\"image\":{\"@id\":\"https:\/\/angitex.com\/product\/gcc-label-express\/#primaryimage\"},\"thumbnailUrl\":\"https:\/\/angitex.com\/wp-content\/uploads\/2022\/05\/gcc-label-express.png\",\"datePublished\":\"2022-05-31T09:14:29+00:00\",\"dateModified\":\"2022-06-03T10:46:10+00:00\",\"breadcrumb\":{\"@id\":\"https:\/\/angitex.com\/product\/gcc-label-express\/#breadcrumb\"},\"inLanguage\":\"fr-FR\",\"potentialAction\":[{\"@type\":\"ReadAction\",\"target\":[\"https:\/\/angitex.com\/product\/gcc-label-express\/\"]}]},{\"@type\":\"ImageObject\",\"inLanguage\":\"fr-FR\",\"@id\":\"https:\/\/angitex.com\/product\/gcc-label-express\/#primaryimage\",\"url\":\"https:\/\/angitex.com\/wp-content\/uploads\/2022\/05\/gcc-label-express.png\",\"contentUrl\":\"https:\/\/angitex.com\/wp-content\/uploads\/2022\/05\/gcc-label-express.png\",\"width\":1600,\"height\":1080},{\"@type\":\"BreadcrumbList\",\"@id\":\"https:\/\/angitex.com\/product\/gcc-label-express\/#breadcrumb\",\"itemListElement\":[{\"@type\":\"ListItem\",\"position\":1,\"name\":\"Products\",\"item\":\"https:\/\/angitex.com\/shop\/\"},{\"@type\":\"ListItem\",\"position\":2,\"name\":\"GCC Label Express\"}]},{\"@type\":\"WebSite\",\"@id\":\"https:\/\/angitex.com\/#website\",\"url\":\"https:\/\/angitex.com\/\",\"name\":\"Angitex\",\"description\":\"Your partner for large printing products\",\"publisher\":{\"@id\":\"https:\/\/angitex.com\/#organization\"},\"potentialAction\":[{\"@type\":\"SearchAction\",\"target\":{\"@type\":\"EntryPoint\",\"urlTemplate\":\"https:\/\/angitex.com\/?s={search_term_string}\"},\"query-input\":\"required name=search_term_string\"}],\"inLanguage\":\"fr-FR\"},{\"@type\":\"Organization\",\"@id\":\"https:\/\/angitex.com\/#organization\",\"name\":\"Angitex\",\"url\":\"https:\/\/angitex.com\/\",\"logo\":{\"@type\":\"ImageObject\",\"inLanguage\":\"fr-FR\",\"@id\":\"https:\/\/angitex.com\/#\/schema\/logo\/image\/\",\"url\":\"https:\/\/angitex.com\/wp-content\/uploads\/2022\/05\/Angitex-2.png\",\"contentUrl\":\"https:\/\/angitex.com\/wp-content\/uploads\/2022\/05\/Angitex-2.png\",\"width\":1386,\"height\":521,\"caption\":\"Angitex\"},\"image\":{\"@id\":\"https:\/\/angitex.com\/#\/schema\/logo\/image\/\"}}]}<\/script>\r\n<!-- \/ Yoast SEO plugin. -->","yoast_head_json":{"title":"GCC Label Express - Angitex","robots":{"index":"index","follow":"follow","max-snippet":"max-snippet:-1","max-image-preview":"max-image-preview:large","max-video-preview":"max-video-preview:-1"},"canonical":"https:\/\/angitex.com\/fr\/product\/gcc-label-express\/","og_locale":"fr_FR","og_type":"article","og_title":"GCC Label Express - Angitex","og_description":"The GCC LabelExpress laser die cutter is a high-speed label cutting system that delivers high flexibility and great precision with an intuitive operation. With the state of the art CCD module, auto-feed system, waste removal module and re-winder device, as well as an optional slitting module. LabelExpress provides an uninterrupted and unattended workflow on one single compact platform.","og_url":"https:\/\/angitex.com\/fr\/product\/gcc-label-express\/","og_site_name":"Angitex","article_modified_time":"2022-06-03T10:46:10+00:00","og_image":[{"width":1600,"height":1080,"url":"https:\/\/angitex.com\/wp-content\/uploads\/2022\/05\/gcc-label-express.png","type":"image\/png"}],"twitter_card":"summary_large_image","twitter_misc":{"Est. reading time":"2 minutes"},"schema":{"@context":"https:\/\/schema.org","@graph":[{"@type":"WebPage","@id":"https:\/\/angitex.com\/product\/gcc-label-express\/","url":"https:\/\/angitex.com\/product\/gcc-label-express\/","name":"GCC Label Express - Angitex","isPartOf":{"@id":"https:\/\/angitex.com\/#website"},"primaryImageOfPage":{"@id":"https:\/\/angitex.com\/product\/gcc-label-express\/#primaryimage"},"image":{"@id":"https:\/\/angitex.com\/product\/gcc-label-express\/#primaryimage"},"thumbnailUrl":"https:\/\/angitex.com\/wp-content\/uploads\/2022\/05\/gcc-label-express.png","datePublished":"2022-05-31T09:14:29+00:00","dateModified":"2022-06-03T10:46:10+00:00","breadcrumb":{"@id":"https:\/\/angitex.com\/product\/gcc-label-express\/#breadcrumb"},"inLanguage":"fr-FR","potentialAction":[{"@type":"ReadAction","target":["https:\/\/angitex.com\/product\/gcc-label-express\/"]}]},{"@type":"ImageObject","inLanguage":"fr-FR","@id":"https:\/\/angitex.com\/product\/gcc-label-express\/#primaryimage","url":"https:\/\/angitex.com\/wp-content\/uploads\/2022\/05\/gcc-label-express.png","contentUrl":"https:\/\/angitex.com\/wp-content\/uploads\/2022\/05\/gcc-label-express.png","width":1600,"height":1080},{"@type":"BreadcrumbList","@id":"https:\/\/angitex.com\/product\/gcc-label-express\/#breadcrumb","itemListElement":[{"@type":"ListItem","position":1,"name":"Products","item":"https:\/\/angitex.com\/shop\/"},{"@type":"ListItem","position":2,"name":"GCC Label Express"}]},{"@type":"WebSite","@id":"https:\/\/angitex.com\/#website","url":"https:\/\/angitex.com\/","name":"Angitex","description":"Your partner for large printing products","publisher":{"@id":"https:\/\/angitex.com\/#organization"},"potentialAction":[{"@type":"SearchAction","target":{"@type":"EntryPoint","urlTemplate":"https:\/\/angitex.com\/?s={search_term_string}"},"query-input":"required name=search_term_string"}],"inLanguage":"fr-FR"},{"@type":"Organization","@id":"https:\/\/angitex.com\/#organization","name":"Angitex","url":"https:\/\/angitex.com\/","logo":{"@type":"ImageObject","inLanguage":"fr-FR","@id":"https:\/\/angitex.com\/#\/schema\/logo\/image\/","url":"https:\/\/angitex.com\/wp-content\/uploads\/2022\/05\/Angitex-2.png","contentUrl":"https:\/\/angitex.com\/wp-content\/uploads\/2022\/05\/Angitex-2.png","width":1386,"height":521,"caption":"Angitex"},"image":{"@id":"https:\/\/angitex.com\/#\/schema\/logo\/image\/"}}]}},"_links":{"self":[{"href":"https:\/\/angitex.com\/fr\/wp-json\/wp\/v2\/product\/91","targetHints":{"allow":["GET"]}}],"collection":[{"href":"https:\/\/angitex.com\/fr\/wp-json\/wp\/v2\/product"}],"about":[{"href":"https:\/\/angitex.com\/fr\/wp-json\/wp\/v2\/types\/product"}],"replies":[{"embeddable":true,"href":"https:\/\/angitex.com\/fr\/wp-json\/wp\/v2\/comments?post=91"}],"wp:featuredmedia":[{"embeddable":true,"href":"https:\/\/angitex.com\/fr\/wp-json\/wp\/v2\/media\/557"}],"wp:attachment":[{"href":"https:\/\/angitex.com\/fr\/wp-json\/wp\/v2\/media?parent=91"}],"wp:term":[{"taxonomy":"product_cat","embeddable":true,"href":"https:\/\/angitex.com\/fr\/wp-json\/wp\/v2\/product_cat?post=91"},{"taxonomy":"product_tag","embeddable":true,"href":"https:\/\/angitex.com\/fr\/wp-json\/wp\/v2\/product_tag?post=91"}],"curies":[{"name":"wp","href":"https:\/\/api.w.org\/{rel}","templated":true}]}}