{"id":974,"date":"2022-06-30T16:29:58","date_gmt":"2022-06-30T16:29:58","guid":{"rendered":"https:\/\/angitex.com\/?post_type=product&#038;p=974"},"modified":"2022-08-09T10:22:17","modified_gmt":"2022-08-09T10:22:17","slug":"flex-rapid","status":"publish","type":"product","link":"https:\/\/angitex.com\/fr\/product\/flex-rapid\/","title":{"rendered":"Flex RAPID"},"content":{"rendered":"<p><span class=\"VIiyi\" lang=\"en\"><span class=\"JLqJ4b ChMk0b\" data-language-for-alternatives=\"en\" data-language-to-translate-into=\"pt\" data-phrase-index=\"0\" data-number-of-phrases=\"8\"><span class=\"Q4iAWc\">Le Flex RAPID est un mat\u00e9riau de coupe disponible en plusieurs coloris avec une finition mate.<\/span><\/span> <\/span><\/p>\n<p><span class=\"VIiyi\" lang=\"en\"><span class=\"JLqJ4b ChMk0b\" data-language-for-alternatives=\"en\" data-language-to-translate-into=\"pt\" data-phrase-index=\"1\" data-number-of-phrases=\"8\"><span class=\"Q4iAWc\">La doublure\/support avec<\/span><\/span> <span class=\"JLqJ4b ChMk0b\" data-language-for-alternatives=\"en\" data-language-to-translate-into=\"pt\" data-phrase-index=\"3\" data-number-of-phrases=\"8\"><span class=\"Q4iAWc\">L'adh\u00e9sif permet la cr\u00e9ation de petits caract\u00e8res et l'\u00e9limination facile de l'exc\u00e9dent.<\/span><\/span><\/span><\/p>\n<p><span class=\"VIiyi\" lang=\"en\"> <span class=\"JLqJ4b ChMk0b\" data-language-for-alternatives=\"en\" data-language-to-translate-into=\"pt\" data-phrase-index=\"5\" data-number-of-phrases=\"8\"><span class=\"Q4iAWc\">De plus, l'adh\u00e9sif thermofusible sp\u00e9cial permet une fixation en seulement <strong>4 secondes<\/strong>, rendant le processus de<\/span><\/span> <span class=\"JLqJ4b ChMk0b\" data-language-for-alternatives=\"en\" data-language-to-translate-into=\"pt\" data-phrase-index=\"7\" data-number-of-phrases=\"8\"><span class=\"Q4iAWc\">estampage plus rapide que jamais.<br \/>\n<\/span><\/span><\/span><\/p>\n<p>&nbsp;<\/p>\n<table width=\"702\">\n<tbody>\n<tr>\n<td width=\"343\">Description<\/td>\n<td width=\"61\">Width\u00a0\u00a0\u00a0\u00a0\u00a0 m<\/td>\n<td width=\"61\">Length\u00a0\u00a0\u00a0\u00a0\u00a0 m<\/td>\n<td width=\"61\">Area\u00a0\u00a0\u00a0\u00a0\u00a0\u00a0\u00a0\u00a0\u00a0\u00a0\u00a0 m<sup>2<\/sup><\/td>\n<td width=\"61\">Width\u00a0\u00a0\u00a0\u00a0\u00a0 Inch<\/td>\n<td width=\"61\">Length\u00a0\u00a0\u00a0 Feet<\/td>\n<td width=\"54\">Area\u00a0\u00a0\u00a0\u00a0\u00a0\u00a0\u00a0\u00a0\u00a0\u00a0\u00a0 Ft<sup>2<\/sup><\/td>\n<\/tr>\n<tr>\n<td width=\"343\"><\/td>\n<td width=\"61\"><\/td>\n<td width=\"61\"><\/td>\n<td width=\"61\"><\/td>\n<td width=\"61\"><\/td>\n<td width=\"61\"><\/td>\n<td width=\"54\"><\/td>\n<\/tr>\n<tr>\n<td width=\"343\">PF &#8211; RAPID<\/td>\n<td width=\"61\"><\/td>\n<td width=\"61\"><\/td>\n<td width=\"61\"><\/td>\n<td width=\"61\"><\/td>\n<td width=\"61\"><\/td>\n<td width=\"54\"><\/td>\n<\/tr>\n<tr>\n<td width=\"343\">PF &#8211; RAPID -All Standard Colors<\/td>\n<td width=\"61\">0,5<\/td>\n<td width=\"61\">25<\/td>\n<td width=\"61\">12,50<\/td>\n<td width=\"61\">20,00<\/td>\n<td width=\"61\">82<\/td>\n<td width=\"54\">134,48<\/td>\n<\/tr>\n<\/tbody>\n<\/table>","protected":false},"excerpt":{"rendered":"<p>The Flex RAPID is a cutting material available in several colors with a matte finish. The liner\/bracket with Adhesive allows the creation of small print and easy removal of excess. In addition, the special hot-melt adhesive allows fixing in just 4 seconds, making the process of stamping faster than ever. &nbsp; Description Width\u00a0\u00a0\u00a0\u00a0\u00a0 m Length\u00a0\u00a0\u00a0\u00a0\u00a0 [&hellip;]<\/p>","protected":false},"featured_media":975,"comment_status":"open","ping_status":"closed","template":"","meta":{"site-sidebar-layout":"default","site-content-layout":"default","ast-site-content-layout":"","site-content-style":"default","site-sidebar-style":"default","ast-global-header-display":"","ast-banner-title-visibility":"","ast-main-header-display":"","ast-hfb-above-header-display":"","ast-hfb-below-header-display":"","ast-hfb-mobile-header-display":"","site-post-title":"","ast-breadcrumbs-content":"","ast-featured-img":"","footer-sml-layout":"","theme-transparent-header-meta":"default","adv-header-id-meta":"","stick-header-meta":"","header-above-stick-meta":"","header-main-stick-meta":"","header-below-stick-meta":"","astra-migrate-meta-layouts":"default","ast-page-background-enabled":"default","ast-page-background-meta":{"desktop":{"background-color":"var(--ast-global-color-4)","background-image":"","background-repeat":"repeat","background-position":"center center","background-size":"auto","background-attachment":"scroll","background-type":"","background-media":"","overlay-type":"","overlay-color":"","overlay-gradient":""},"tablet":{"background-color":"","background-image":"","background-repeat":"repeat","background-position":"center center","background-size":"auto","background-attachment":"scroll","background-type":"","background-media":"","overlay-type":"","overlay-color":"","overlay-gradient":""},"mobile":{"background-color":"","background-image":"","background-repeat":"repeat","background-position":"center center","background-size":"auto","background-attachment":"scroll","background-type":"","background-media":"","overlay-type":"","overlay-color":"","overlay-gradient":""}},"ast-content-background-meta":{"desktop":{"background-color":"var(--ast-global-color-5)","background-image":"","background-repeat":"repeat","background-position":"center center","background-size":"auto","background-attachment":"scroll","background-type":"","background-media":"","overlay-type":"","overlay-color":"","overlay-gradient":""},"tablet":{"background-color":"var(--ast-global-color-5)","background-image":"","background-repeat":"repeat","background-position":"center center","background-size":"auto","background-attachment":"scroll","background-type":"","background-media":"","overlay-type":"","overlay-color":"","overlay-gradient":""},"mobile":{"background-color":"var(--ast-global-color-5)","background-image":"","background-repeat":"repeat","background-position":"center center","background-size":"auto","background-attachment":"scroll","background-type":"","background-media":"","overlay-type":"","overlay-color":"","overlay-gradient":""}}},"product_cat":[54],"product_tag":[],"class_list":{"0":"post-974","1":"product","2":"type-product","3":"status-publish","4":"has-post-thumbnail","6":"product_cat-textile-flex","7":"desktop-align-left","8":"tablet-align-left","9":"mobile-align-left","11":"first","12":"instock","13":"shipping-taxable","14":"product-type-simple"},"yoast_head":"<!-- This site is optimized with the Yoast SEO plugin v22.2 - https:\/\/yoast.com\/wordpress\/plugins\/seo\/ -->\r\n<title>Flex RAPID - Angitex<\/title>\r\n<meta name=\"robots\" content=\"index, follow, max-snippet:-1, max-image-preview:large, max-video-preview:-1\" \/>\r\n<link rel=\"canonical\" href=\"https:\/\/angitex.com\/fr\/product\/flex-rapid\/\" \/>\r\n<meta property=\"og:locale\" content=\"fr_FR\" \/>\r\n<meta property=\"og:type\" content=\"article\" \/>\r\n<meta property=\"og:title\" content=\"Flex RAPID - Angitex\" \/>\r\n<meta property=\"og:description\" content=\"The Flex RAPID is a cutting material available in several colors with a matte finish. The liner\/bracket with Adhesive allows the creation of small print and easy removal of excess. In addition, the special hot-melt adhesive allows fixing in just 4 seconds, making the process of stamping faster than ever. &nbsp; Description Width\u00a0\u00a0\u00a0\u00a0\u00a0 m Length\u00a0\u00a0\u00a0\u00a0\u00a0 [&hellip;]\" \/>\r\n<meta property=\"og:url\" content=\"https:\/\/angitex.com\/fr\/product\/flex-rapid\/\" \/>\r\n<meta property=\"og:site_name\" content=\"Angitex\" \/>\r\n<meta property=\"article:modified_time\" content=\"2022-08-09T10:22:17+00:00\" \/>\r\n<meta property=\"og:image\" content=\"https:\/\/angitex.com\/wp-content\/uploads\/2022\/06\/RAPID-D.jpg\" \/>\r\n\t<meta property=\"og:image:width\" content=\"1600\" \/>\r\n\t<meta property=\"og:image:height\" content=\"1080\" \/>\r\n\t<meta property=\"og:image:type\" content=\"image\/jpeg\" \/>\r\n<meta name=\"twitter:card\" content=\"summary_large_image\" \/>\r\n<meta name=\"twitter:label1\" content=\"Est. reading time\" \/>\n\t<meta name=\"twitter:data1\" content=\"1 minute\" \/>\r\n<script type=\"application\/ld+json\" class=\"yoast-schema-graph\">{\"@context\":\"https:\/\/schema.org\",\"@graph\":[{\"@type\":\"WebPage\",\"@id\":\"https:\/\/angitex.com\/product\/flex-rapid\/\",\"url\":\"https:\/\/angitex.com\/product\/flex-rapid\/\",\"name\":\"Flex RAPID - Angitex\",\"isPartOf\":{\"@id\":\"https:\/\/angitex.com\/#website\"},\"primaryImageOfPage\":{\"@id\":\"https:\/\/angitex.com\/product\/flex-rapid\/#primaryimage\"},\"image\":{\"@id\":\"https:\/\/angitex.com\/product\/flex-rapid\/#primaryimage\"},\"thumbnailUrl\":\"https:\/\/angitex.com\/wp-content\/uploads\/2022\/06\/RAPID-D.jpg\",\"datePublished\":\"2022-06-30T16:29:58+00:00\",\"dateModified\":\"2022-08-09T10:22:17+00:00\",\"breadcrumb\":{\"@id\":\"https:\/\/angitex.com\/product\/flex-rapid\/#breadcrumb\"},\"inLanguage\":\"fr-FR\",\"potentialAction\":[{\"@type\":\"ReadAction\",\"target\":[\"https:\/\/angitex.com\/product\/flex-rapid\/\"]}]},{\"@type\":\"ImageObject\",\"inLanguage\":\"fr-FR\",\"@id\":\"https:\/\/angitex.com\/product\/flex-rapid\/#primaryimage\",\"url\":\"https:\/\/angitex.com\/wp-content\/uploads\/2022\/06\/RAPID-D.jpg\",\"contentUrl\":\"https:\/\/angitex.com\/wp-content\/uploads\/2022\/06\/RAPID-D.jpg\",\"width\":1600,\"height\":1080},{\"@type\":\"BreadcrumbList\",\"@id\":\"https:\/\/angitex.com\/product\/flex-rapid\/#breadcrumb\",\"itemListElement\":[{\"@type\":\"ListItem\",\"position\":1,\"name\":\"Products\",\"item\":\"https:\/\/angitex.com\/shop\/\"},{\"@type\":\"ListItem\",\"position\":2,\"name\":\"Flex RAPID\"}]},{\"@type\":\"WebSite\",\"@id\":\"https:\/\/angitex.com\/#website\",\"url\":\"https:\/\/angitex.com\/\",\"name\":\"Angitex\",\"description\":\"Your partner for large printing products\",\"publisher\":{\"@id\":\"https:\/\/angitex.com\/#organization\"},\"potentialAction\":[{\"@type\":\"SearchAction\",\"target\":{\"@type\":\"EntryPoint\",\"urlTemplate\":\"https:\/\/angitex.com\/?s={search_term_string}\"},\"query-input\":\"required name=search_term_string\"}],\"inLanguage\":\"fr-FR\"},{\"@type\":\"Organization\",\"@id\":\"https:\/\/angitex.com\/#organization\",\"name\":\"Angitex\",\"url\":\"https:\/\/angitex.com\/\",\"logo\":{\"@type\":\"ImageObject\",\"inLanguage\":\"fr-FR\",\"@id\":\"https:\/\/angitex.com\/#\/schema\/logo\/image\/\",\"url\":\"https:\/\/angitex.com\/wp-content\/uploads\/2022\/05\/Angitex-2.png\",\"contentUrl\":\"https:\/\/angitex.com\/wp-content\/uploads\/2022\/05\/Angitex-2.png\",\"width\":1386,\"height\":521,\"caption\":\"Angitex\"},\"image\":{\"@id\":\"https:\/\/angitex.com\/#\/schema\/logo\/image\/\"}}]}<\/script>\r\n<!-- \/ Yoast SEO plugin. -->","yoast_head_json":{"title":"Flex RAPID - Angitex","robots":{"index":"index","follow":"follow","max-snippet":"max-snippet:-1","max-image-preview":"max-image-preview:large","max-video-preview":"max-video-preview:-1"},"canonical":"https:\/\/angitex.com\/fr\/product\/flex-rapid\/","og_locale":"fr_FR","og_type":"article","og_title":"Flex RAPID - Angitex","og_description":"The Flex RAPID is a cutting material available in several colors with a matte finish. The liner\/bracket with Adhesive allows the creation of small print and easy removal of excess. In addition, the special hot-melt adhesive allows fixing in just 4 seconds, making the process of stamping faster than ever. &nbsp; Description Width\u00a0\u00a0\u00a0\u00a0\u00a0 m Length\u00a0\u00a0\u00a0\u00a0\u00a0 [&hellip;]","og_url":"https:\/\/angitex.com\/fr\/product\/flex-rapid\/","og_site_name":"Angitex","article_modified_time":"2022-08-09T10:22:17+00:00","og_image":[{"width":1600,"height":1080,"url":"https:\/\/angitex.com\/wp-content\/uploads\/2022\/06\/RAPID-D.jpg","type":"image\/jpeg"}],"twitter_card":"summary_large_image","twitter_misc":{"Est. reading time":"1 minute"},"schema":{"@context":"https:\/\/schema.org","@graph":[{"@type":"WebPage","@id":"https:\/\/angitex.com\/product\/flex-rapid\/","url":"https:\/\/angitex.com\/product\/flex-rapid\/","name":"Flex RAPID - Angitex","isPartOf":{"@id":"https:\/\/angitex.com\/#website"},"primaryImageOfPage":{"@id":"https:\/\/angitex.com\/product\/flex-rapid\/#primaryimage"},"image":{"@id":"https:\/\/angitex.com\/product\/flex-rapid\/#primaryimage"},"thumbnailUrl":"https:\/\/angitex.com\/wp-content\/uploads\/2022\/06\/RAPID-D.jpg","datePublished":"2022-06-30T16:29:58+00:00","dateModified":"2022-08-09T10:22:17+00:00","breadcrumb":{"@id":"https:\/\/angitex.com\/product\/flex-rapid\/#breadcrumb"},"inLanguage":"fr-FR","potentialAction":[{"@type":"ReadAction","target":["https:\/\/angitex.com\/product\/flex-rapid\/"]}]},{"@type":"ImageObject","inLanguage":"fr-FR","@id":"https:\/\/angitex.com\/product\/flex-rapid\/#primaryimage","url":"https:\/\/angitex.com\/wp-content\/uploads\/2022\/06\/RAPID-D.jpg","contentUrl":"https:\/\/angitex.com\/wp-content\/uploads\/2022\/06\/RAPID-D.jpg","width":1600,"height":1080},{"@type":"BreadcrumbList","@id":"https:\/\/angitex.com\/product\/flex-rapid\/#breadcrumb","itemListElement":[{"@type":"ListItem","position":1,"name":"Products","item":"https:\/\/angitex.com\/shop\/"},{"@type":"ListItem","position":2,"name":"Flex RAPID"}]},{"@type":"WebSite","@id":"https:\/\/angitex.com\/#website","url":"https:\/\/angitex.com\/","name":"Angitex","description":"Your partner for large printing products","publisher":{"@id":"https:\/\/angitex.com\/#organization"},"potentialAction":[{"@type":"SearchAction","target":{"@type":"EntryPoint","urlTemplate":"https:\/\/angitex.com\/?s={search_term_string}"},"query-input":"required name=search_term_string"}],"inLanguage":"fr-FR"},{"@type":"Organization","@id":"https:\/\/angitex.com\/#organization","name":"Angitex","url":"https:\/\/angitex.com\/","logo":{"@type":"ImageObject","inLanguage":"fr-FR","@id":"https:\/\/angitex.com\/#\/schema\/logo\/image\/","url":"https:\/\/angitex.com\/wp-content\/uploads\/2022\/05\/Angitex-2.png","contentUrl":"https:\/\/angitex.com\/wp-content\/uploads\/2022\/05\/Angitex-2.png","width":1386,"height":521,"caption":"Angitex"},"image":{"@id":"https:\/\/angitex.com\/#\/schema\/logo\/image\/"}}]}},"_links":{"self":[{"href":"https:\/\/angitex.com\/fr\/wp-json\/wp\/v2\/product\/974","targetHints":{"allow":["GET"]}}],"collection":[{"href":"https:\/\/angitex.com\/fr\/wp-json\/wp\/v2\/product"}],"about":[{"href":"https:\/\/angitex.com\/fr\/wp-json\/wp\/v2\/types\/product"}],"replies":[{"embeddable":true,"href":"https:\/\/angitex.com\/fr\/wp-json\/wp\/v2\/comments?post=974"}],"wp:featuredmedia":[{"embeddable":true,"href":"https:\/\/angitex.com\/fr\/wp-json\/wp\/v2\/media\/975"}],"wp:attachment":[{"href":"https:\/\/angitex.com\/fr\/wp-json\/wp\/v2\/media?parent=974"}],"wp:term":[{"taxonomy":"product_cat","embeddable":true,"href":"https:\/\/angitex.com\/fr\/wp-json\/wp\/v2\/product_cat?post=974"},{"taxonomy":"product_tag","embeddable":true,"href":"https:\/\/angitex.com\/fr\/wp-json\/wp\/v2\/product_tag?post=974"}],"curies":[{"name":"wp","href":"https:\/\/api.w.org\/{rel}","templated":true}]}}